{"id":582,"date":"2021-07-02T19:46:58","date_gmt":"2021-07-02T19:46:58","guid":{"rendered":"https:\/\/oscl.cl\/dev\/?page_id=582"},"modified":"2022-08-26T17:02:21","modified_gmt":"2022-08-26T17:02:21","slug":"seguridad-privada","status":"publish","type":"page","link":"https:\/\/www.oscl.cl\/dev\/?page_id=582","title":{"rendered":"Seguridad Privada"},"content":{"rendered":"\t\t<div data-elementor-type=\"wp-page\" data-elementor-id=\"582\" class=\"elementor elementor-582\" data-elementor-settings=\"[]\">\n\t\t\t\t\t\t\t<div class=\"elementor-section-wrap\">\n\t\t\t\t\t\t\t<section class=\"elementor-section elementor-top-section elementor-element elementor-element-8d28ca6 elementor-section-boxed elementor-section-height-default elementor-section-height-default\" data-id=\"8d28ca6\" data-element_type=\"section\">\n\t\t\t\t\t\t<div class=\"elementor-container elementor-column-gap-default\">\n\t\t\t\t\t<div class=\"elementor-column elementor-col-33 elementor-top-column elementor-element elementor-element-af1da81\" data-id=\"af1da81\" data-element_type=\"column\">\n\t\t\t<div class=\"elementor-widget-wrap elementor-element-populated\">\n\t\t\t\t\t\t\t\t<div class=\"elementor-element elementor-element-278865b elementor-widget elementor-widget-heading\" data-id=\"278865b\" data-element_type=\"widget\" data-widget_type=\"heading.default\">\n\t\t\t\t<div class=\"elementor-widget-container\">\n\t\t\t<h6 class=\"elementor-heading-title elementor-size-default\">T\u00e9cnica de Conducci\u00f3n Segura de Motocicletas<\/h6>\t\t<\/div>\n\t\t\t\t<\/div>\n\t\t\t\t<div class=\"elementor-element elementor-element-cb48255 elementor-widget elementor-widget-image\" data-id=\"cb48255\" data-element_type=\"widget\" data-widget_type=\"image.default\">\n\t\t\t\t<div class=\"elementor-widget-container\">\n\t\t\t\t\t\t\t\t\t\t\t\t\t\t\t<img loading=\"lazy\" decoding=\"async\" width=\"720\" height=\"461\" src=\"https:\/\/www.oscl.cl\/dev\/wp-content\/uploads\/2022\/08\/conduccion-segura-moto-1000x640-1.jpeg\" class=\"attachment-large size-large\" alt=\"\" srcset=\"https:\/\/www.oscl.cl\/dev\/wp-content\/uploads\/2022\/08\/conduccion-segura-moto-1000x640-1.jpeg 1000w, https:\/\/www.oscl.cl\/dev\/wp-content\/uploads\/2022\/08\/conduccion-segura-moto-1000x640-1-300x192.jpeg 300w, https:\/\/www.oscl.cl\/dev\/wp-content\/uploads\/2022\/08\/conduccion-segura-moto-1000x640-1-768x492.jpeg 768w\" sizes=\"auto, (max-width: 720px) 100vw, 720px\" \/>\t\t\t\t\t\t\t\t\t\t\t\t\t\t\t<\/div>\n\t\t\t\t<\/div>\n\t\t\t\t<div class=\"elementor-element elementor-element-cd18ffa elementor-widget elementor-widget-text-editor\" data-id=\"cd18ffa\" data-element_type=\"widget\" data-widget_type=\"text-editor.default\">\n\t\t\t\t<div class=\"elementor-widget-container\">\n\t\t\t\t\t\t\t<p><strong>Tipo<\/strong>: Curso Sence<br \/><strong>C\u00f3digo<\/strong>: <a href=\"https:\/\/eligemejor.sence.cl\/BuscarCursoNuevo\/DetalleCurso?curso=1238038215\">1238038215<\/a><br \/><strong>\u00c1rea: Industrial<br \/>Duraci\u00f3n<\/strong>: 100 Horas<br \/><strong>Modalidad<\/strong>: Distancia<\/p>\t\t\t\t\t\t<\/div>\n\t\t\t\t<\/div>\n\t\t\t\t<div class=\"elementor-element elementor-element-3f075e2 elementor-widget elementor-widget-spacer\" data-id=\"3f075e2\" data-element_type=\"widget\" data-widget_type=\"spacer.default\">\n\t\t\t\t<div class=\"elementor-widget-container\">\n\t\t\t\t\t<div class=\"elementor-spacer\">\n\t\t\t<div class=\"elementor-spacer-inner\"><\/div>\n\t\t<\/div>\n\t\t\t\t<\/div>\n\t\t\t\t<\/div>\n\t\t\t\t<div class=\"elementor-element elementor-element-4452178 elementor-widget elementor-widget-spacer\" data-id=\"4452178\" data-element_type=\"widget\" data-widget_type=\"spacer.default\">\n\t\t\t\t<div class=\"elementor-widget-container\">\n\t\t\t\t\t<div class=\"elementor-spacer\">\n\t\t\t<div class=\"elementor-spacer-inner\"><\/div>\n\t\t<\/div>\n\t\t\t\t<\/div>\n\t\t\t\t<\/div>\n\t\t\t\t\t<\/div>\n\t\t<\/div>\n\t\t\t\t<div class=\"elementor-column elementor-col-33 elementor-top-column elementor-element elementor-element-9171674\" data-id=\"9171674\" data-element_type=\"column\">\n\t\t\t<div class=\"elementor-widget-wrap elementor-element-populated\">\n\t\t\t\t\t\t\t\t<div class=\"elementor-element elementor-element-2a4f1f3 elementor-widget elementor-widget-heading\" data-id=\"2a4f1f3\" data-element_type=\"widget\" data-widget_type=\"heading.default\">\n\t\t\t\t<div class=\"elementor-widget-container\">\n\t\t\t<h6 class=\"elementor-heading-title elementor-size-default\">Perfeccionamiento de Guardias de Seguridad <\/h6>\t\t<\/div>\n\t\t\t\t<\/div>\n\t\t\t\t<div class=\"elementor-element elementor-element-74d0093 elementor-widget elementor-widget-image\" data-id=\"74d0093\" data-element_type=\"widget\" data-widget_type=\"image.default\">\n\t\t\t\t<div class=\"elementor-widget-container\">\n\t\t\t\t\t\t\t\t\t\t\t\t\t\t\t<img loading=\"lazy\" decoding=\"async\" width=\"475\" height=\"249\" src=\"https:\/\/www.oscl.cl\/dev\/wp-content\/uploads\/2022\/08\/Equipo-Etico-Guardia-de-seguridad-nivel-2.jpeg\" class=\"attachment-large size-large\" alt=\"\" srcset=\"https:\/\/www.oscl.cl\/dev\/wp-content\/uploads\/2022\/08\/Equipo-Etico-Guardia-de-seguridad-nivel-2.jpeg 475w, https:\/\/www.oscl.cl\/dev\/wp-content\/uploads\/2022\/08\/Equipo-Etico-Guardia-de-seguridad-nivel-2-300x157.jpeg 300w\" sizes=\"auto, (max-width: 475px) 100vw, 475px\" \/>\t\t\t\t\t\t\t\t\t\t\t\t\t\t\t<\/div>\n\t\t\t\t<\/div>\n\t\t\t\t<div class=\"elementor-element elementor-element-e2c989c elementor-widget elementor-widget-text-editor\" data-id=\"e2c989c\" data-element_type=\"widget\" data-widget_type=\"text-editor.default\">\n\t\t\t\t<div class=\"elementor-widget-container\">\n\t\t\t\t\t\t\t<p><strong>Tipo<\/strong>: Curso Sence<br \/><strong>C\u00f3digo<\/strong>: <a href=\"https:\/\/eligemejor.sence.cl\/BuscarCursoNuevo\/DetalleCurso?curso=1238033295\">1238033295<\/a><br \/><strong>\u00c1rea: Industrial<br \/>Duraci\u00f3n<\/strong>: 36 Horas<br \/><strong>Modalidad<\/strong>: Presencial<\/p>\t\t\t\t\t\t<\/div>\n\t\t\t\t<\/div>\n\t\t\t\t\t<\/div>\n\t\t<\/div>\n\t\t\t\t<div class=\"elementor-column elementor-col-33 elementor-top-column elementor-element elementor-element-a0a7dd4\" data-id=\"a0a7dd4\" data-element_type=\"column\">\n\t\t\t<div class=\"elementor-widget-wrap elementor-element-populated\">\n\t\t\t\t\t\t\t\t<div class=\"elementor-element elementor-element-2380087 elementor-widget elementor-widget-heading\" data-id=\"2380087\" data-element_type=\"widget\" data-widget_type=\"heading.default\">\n\t\t\t\t<div class=\"elementor-widget-container\">\n\t\t\t<h6 class=\"elementor-heading-title elementor-size-default\">Formaci\u00f3n de Guardias de     <br> Seguridad <\/h6>\t\t<\/div>\n\t\t\t\t<\/div>\n\t\t\t\t<div class=\"elementor-element elementor-element-e5b2c33 elementor-widget elementor-widget-image\" data-id=\"e5b2c33\" data-element_type=\"widget\" data-widget_type=\"image.default\">\n\t\t\t\t<div class=\"elementor-widget-container\">\n\t\t\t\t\t\t\t\t\t\t\t\t\t\t\t<img loading=\"lazy\" decoding=\"async\" width=\"720\" height=\"514\" src=\"https:\/\/www.oscl.cl\/dev\/wp-content\/uploads\/2022\/08\/NOVANDIS-SEGURIDAD-224083303_0001_201608162-1024x731.jpeg\" class=\"attachment-large size-large\" alt=\"\" srcset=\"https:\/\/www.oscl.cl\/dev\/wp-content\/uploads\/2022\/08\/NOVANDIS-SEGURIDAD-224083303_0001_201608162-1024x731.jpeg 1024w, https:\/\/www.oscl.cl\/dev\/wp-content\/uploads\/2022\/08\/NOVANDIS-SEGURIDAD-224083303_0001_201608162-300x214.jpeg 300w, https:\/\/www.oscl.cl\/dev\/wp-content\/uploads\/2022\/08\/NOVANDIS-SEGURIDAD-224083303_0001_201608162-768x549.jpeg 768w, https:\/\/www.oscl.cl\/dev\/wp-content\/uploads\/2022\/08\/NOVANDIS-SEGURIDAD-224083303_0001_201608162-1536x1097.jpeg 1536w, https:\/\/www.oscl.cl\/dev\/wp-content\/uploads\/2022\/08\/NOVANDIS-SEGURIDAD-224083303_0001_201608162-2048x1463.jpeg 2048w\" sizes=\"auto, (max-width: 720px) 100vw, 720px\" \/>\t\t\t\t\t\t\t\t\t\t\t\t\t\t\t<\/div>\n\t\t\t\t<\/div>\n\t\t\t\t<div class=\"elementor-element elementor-element-e550430 elementor-widget elementor-widget-text-editor\" data-id=\"e550430\" data-element_type=\"widget\" data-widget_type=\"text-editor.default\">\n\t\t\t\t<div class=\"elementor-widget-container\">\n\t\t\t\t\t\t\t<p><strong>Tipo<\/strong>: Curso Sence<br \/><strong>C\u00f3digo<\/strong>: <a href=\"https:\/\/eligemejor.sence.cl\/BuscarCursoNuevo\/DetalleCurso?curso=1238035046\">1238035046<\/a><br \/><strong>\u00c1rea: Industrial<br \/>Duraci\u00f3n<\/strong>: 90 Horas<br \/><strong>Modalidad<\/strong>: Presencial<\/p>\t\t\t\t\t\t<\/div>\n\t\t\t\t<\/div>\n\t\t\t\t\t<\/div>\n\t\t<\/div>\n\t\t\t\t\t\t\t<\/div>\n\t\t<\/section>\n\t\t\t\t\t\t<\/div>\n\t\t\t\t\t<\/div>\n\t\t","protected":false},"excerpt":{"rendered":"<p>T\u00e9cnica de Conducci\u00f3n Segura de Motocicletas Tipo: Curso SenceC\u00f3digo: 1238038215\u00c1rea: IndustrialDuraci\u00f3n: 100 HorasModalidad: Distancia Perfeccionamiento de Guardias de Seguridad Tipo: Curso SenceC\u00f3digo: 1238033295\u00c1rea: IndustrialDuraci\u00f3n: 36 HorasModalidad: Presencial Formaci\u00f3n de Guardias de Seguridad Tipo: Curso SenceC\u00f3digo: 1238035046\u00c1rea: IndustrialDuraci\u00f3n: 90 HorasModalidad: Presencial<\/p>\n","protected":false},"author":1,"featured_media":0,"parent":0,"menu_order":0,"comment_status":"closed","ping_status":"closed","template":"","meta":{"_joinchat":[],"footnotes":""},"class_list":["post-582","page","type-page","status-publish","hentry"],"_links":{"self":[{"href":"https:\/\/www.oscl.cl\/dev\/index.php?rest_route=\/wp\/v2\/pages\/582","targetHints":{"allow":["GET"]}}],"collection":[{"href":"https:\/\/www.oscl.cl\/dev\/index.php?rest_route=\/wp\/v2\/pages"}],"about":[{"href":"https:\/\/www.oscl.cl\/dev\/index.php?rest_route=\/wp\/v2\/types\/page"}],"author":[{"embeddable":true,"href":"https:\/\/www.oscl.cl\/dev\/index.php?rest_route=\/wp\/v2\/users\/1"}],"replies":[{"embeddable":true,"href":"https:\/\/www.oscl.cl\/dev\/index.php?rest_route=%2Fwp%2Fv2%2Fcomments&post=582"}],"version-history":[{"count":25,"href":"https:\/\/www.oscl.cl\/dev\/index.php?rest_route=\/wp\/v2\/pages\/582\/revisions"}],"predecessor-version":[{"id":4002,"href":"https:\/\/www.oscl.cl\/dev\/index.php?rest_route=\/wp\/v2\/pages\/582\/revisions\/4002"}],"wp:attachment":[{"href":"https:\/\/www.oscl.cl\/dev\/index.php?rest_route=%2Fwp%2Fv2%2Fmedia&parent=582"}],"curies":[{"name":"wp","href":"https:\/\/api.w.org\/{rel}","templated":true}]}}