{"id":578,"date":"2021-07-02T19:46:21","date_gmt":"2021-07-02T19:46:21","guid":{"rendered":"https:\/\/oscl.cl\/dev\/?page_id=578"},"modified":"2025-01-14T19:52:30","modified_gmt":"2025-01-14T19:52:30","slug":"habilidades-blandas","status":"publish","type":"page","link":"https:\/\/www.oscl.cl\/dev\/?page_id=578","title":{"rendered":"Habilidades Blandas"},"content":{"rendered":"\t\t<div data-elementor-type=\"wp-page\" data-elementor-id=\"578\" class=\"elementor elementor-578\" data-elementor-settings=\"[]\">\n\t\t\t\t\t\t\t<div class=\"elementor-section-wrap\">\n\t\t\t\t\t\t\t<section class=\"elementor-section elementor-top-section elementor-element elementor-element-8fae279 elementor-section-boxed elementor-section-height-default elementor-section-height-default\" data-id=\"8fae279\" data-element_type=\"section\">\n\t\t\t\t\t\t<div class=\"elementor-container elementor-column-gap-default\">\n\t\t\t\t\t<div class=\"elementor-column elementor-col-33 elementor-top-column elementor-element elementor-element-f8121d6\" data-id=\"f8121d6\" data-element_type=\"column\">\n\t\t\t<div class=\"elementor-widget-wrap elementor-element-populated\">\n\t\t\t\t\t\t\t\t<div class=\"elementor-element elementor-element-15daab6 elementor-widget elementor-widget-heading\" data-id=\"15daab6\" data-element_type=\"widget\" data-widget_type=\"heading.default\">\n\t\t\t\t<div class=\"elementor-widget-container\">\n\t\t\t<h6 class=\"elementor-heading-title elementor-size-default\">T\u00e9cnicas para una Comunicaci\u00f3n Efectiva<\/h6>\t\t<\/div>\n\t\t\t\t<\/div>\n\t\t\t\t<div class=\"elementor-element elementor-element-64559c2 elementor-widget elementor-widget-spacer\" data-id=\"64559c2\" data-element_type=\"widget\" data-widget_type=\"spacer.default\">\n\t\t\t\t<div class=\"elementor-widget-container\">\n\t\t\t\t\t<div class=\"elementor-spacer\">\n\t\t\t<div class=\"elementor-spacer-inner\"><\/div>\n\t\t<\/div>\n\t\t\t\t<\/div>\n\t\t\t\t<\/div>\n\t\t\t\t<div class=\"elementor-element elementor-element-01bd07e elementor-widget elementor-widget-image\" data-id=\"01bd07e\" data-element_type=\"widget\" data-widget_type=\"image.default\">\n\t\t\t\t<div class=\"elementor-widget-container\">\n\t\t\t\t\t\t\t\t\t\t\t\t\t\t\t<img loading=\"lazy\" decoding=\"async\" width=\"720\" height=\"540\" src=\"https:\/\/www.oscl.cl\/dev\/wp-content\/uploads\/2021\/07\/comunicacion.png\" class=\"attachment-large size-large\" alt=\"\" srcset=\"https:\/\/www.oscl.cl\/dev\/wp-content\/uploads\/2021\/07\/comunicacion.png 800w, https:\/\/www.oscl.cl\/dev\/wp-content\/uploads\/2021\/07\/comunicacion-300x225.png 300w, https:\/\/www.oscl.cl\/dev\/wp-content\/uploads\/2021\/07\/comunicacion-768x576.png 768w\" sizes=\"auto, (max-width: 720px) 100vw, 720px\" \/>\t\t\t\t\t\t\t\t\t\t\t\t\t\t\t<\/div>\n\t\t\t\t<\/div>\n\t\t\t\t<div class=\"elementor-element elementor-element-1545502 elementor-widget elementor-widget-text-editor\" data-id=\"1545502\" data-element_type=\"widget\" data-widget_type=\"text-editor.default\">\n\t\t\t\t<div class=\"elementor-widget-container\">\n\t\t\t\t\t\t\t<p><strong>Tipo<\/strong>: Curso Sence<br \/><strong>C\u00f3digo<\/strong>: En Tr\u00e1mite<br \/><strong>\u00c1rea: <\/strong>Habilidades Blandas<strong><br \/>Duraci\u00f3n<\/strong>: 80 Horas<br \/><strong>Modalidad<\/strong>: Distancia<\/p>\t\t\t\t\t\t<\/div>\n\t\t\t\t<\/div>\n\t\t\t\t<div class=\"elementor-element elementor-element-4ed5345 elementor-widget elementor-widget-spacer\" data-id=\"4ed5345\" data-element_type=\"widget\" data-widget_type=\"spacer.default\">\n\t\t\t\t<div class=\"elementor-widget-container\">\n\t\t\t\t\t<div class=\"elementor-spacer\">\n\t\t\t<div class=\"elementor-spacer-inner\"><\/div>\n\t\t<\/div>\n\t\t\t\t<\/div>\n\t\t\t\t<\/div>\n\t\t\t\t\t<\/div>\n\t\t<\/div>\n\t\t\t\t<div class=\"elementor-column elementor-col-33 elementor-top-column elementor-element elementor-element-68859c3\" data-id=\"68859c3\" data-element_type=\"column\">\n\t\t\t<div class=\"elementor-widget-wrap elementor-element-populated\">\n\t\t\t\t\t\t\t\t<div class=\"elementor-element elementor-element-7d3dcb4 elementor-widget elementor-widget-heading\" data-id=\"7d3dcb4\" data-element_type=\"widget\" data-widget_type=\"heading.default\">\n\t\t\t\t<div class=\"elementor-widget-container\">\n\t\t\t<h6 class=\"elementor-heading-title elementor-size-default\">Herramientas de Liderazgo, Trabajo en Equipo y Comunicaci\u00f3n Efectiva<\/h6>\t\t<\/div>\n\t\t\t\t<\/div>\n\t\t\t\t<div class=\"elementor-element elementor-element-0e892b2 elementor-widget elementor-widget-spacer\" data-id=\"0e892b2\" data-element_type=\"widget\" data-widget_type=\"spacer.default\">\n\t\t\t\t<div class=\"elementor-widget-container\">\n\t\t\t\t\t<div class=\"elementor-spacer\">\n\t\t\t<div class=\"elementor-spacer-inner\"><\/div>\n\t\t<\/div>\n\t\t\t\t<\/div>\n\t\t\t\t<\/div>\n\t\t\t\t<div class=\"elementor-element elementor-element-daab255 elementor-widget elementor-widget-image\" data-id=\"daab255\" data-element_type=\"widget\" data-widget_type=\"image.default\">\n\t\t\t\t<div class=\"elementor-widget-container\">\n\t\t\t\t\t\t\t\t\t\t\t\t\t\t\t<img loading=\"lazy\" decoding=\"async\" width=\"720\" height=\"540\" src=\"https:\/\/www.oscl.cl\/dev\/wp-content\/uploads\/2021\/07\/comunicacion2.png\" class=\"attachment-large size-large\" alt=\"\" srcset=\"https:\/\/www.oscl.cl\/dev\/wp-content\/uploads\/2021\/07\/comunicacion2.png 800w, https:\/\/www.oscl.cl\/dev\/wp-content\/uploads\/2021\/07\/comunicacion2-300x225.png 300w, https:\/\/www.oscl.cl\/dev\/wp-content\/uploads\/2021\/07\/comunicacion2-768x576.png 768w\" sizes=\"auto, (max-width: 720px) 100vw, 720px\" \/>\t\t\t\t\t\t\t\t\t\t\t\t\t\t\t<\/div>\n\t\t\t\t<\/div>\n\t\t\t\t<div class=\"elementor-element elementor-element-890c208 elementor-widget elementor-widget-text-editor\" data-id=\"890c208\" data-element_type=\"widget\" data-widget_type=\"text-editor.default\">\n\t\t\t\t<div class=\"elementor-widget-container\">\n\t\t\t\t\t\t\t<p><strong>Tipo<\/strong>: Curso Sence<br \/><strong>C\u00f3digo<\/strong>: En Tr\u00e1mite<br \/><strong>\u00c1rea: <\/strong>Habilidades Blandas<strong><br \/>Duraci\u00f3n<\/strong>: 12 Horas<br \/><strong>Modalidad<\/strong>: Presencial<\/p>\t\t\t\t\t\t<\/div>\n\t\t\t\t<\/div>\n\t\t\t\t<div class=\"elementor-element elementor-element-17cab3b elementor-widget elementor-widget-spacer\" data-id=\"17cab3b\" data-element_type=\"widget\" data-widget_type=\"spacer.default\">\n\t\t\t\t<div class=\"elementor-widget-container\">\n\t\t\t\t\t<div class=\"elementor-spacer\">\n\t\t\t<div class=\"elementor-spacer-inner\"><\/div>\n\t\t<\/div>\n\t\t\t\t<\/div>\n\t\t\t\t<\/div>\n\t\t\t\t\t<\/div>\n\t\t<\/div>\n\t\t\t\t<div class=\"elementor-column elementor-col-33 elementor-top-column elementor-element elementor-element-ca8ee8b\" data-id=\"ca8ee8b\" data-element_type=\"column\">\n\t\t\t<div class=\"elementor-widget-wrap elementor-element-populated\">\n\t\t\t\t\t\t\t\t<div class=\"elementor-element elementor-element-fca8552 elementor-widget elementor-widget-heading\" data-id=\"fca8552\" data-element_type=\"widget\" data-widget_type=\"heading.default\">\n\t\t\t\t<div class=\"elementor-widget-container\">\n\t\t\t<h6 class=\"elementor-heading-title elementor-size-default\">T\u00e9cnicas de Liderazgo, Trabajo en Equipo y Comunicaci\u00f3n Efectiva<\/h6>\t\t<\/div>\n\t\t\t\t<\/div>\n\t\t\t\t<div class=\"elementor-element elementor-element-27ef029 elementor-widget elementor-widget-spacer\" data-id=\"27ef029\" data-element_type=\"widget\" data-widget_type=\"spacer.default\">\n\t\t\t\t<div class=\"elementor-widget-container\">\n\t\t\t\t\t<div class=\"elementor-spacer\">\n\t\t\t<div class=\"elementor-spacer-inner\"><\/div>\n\t\t<\/div>\n\t\t\t\t<\/div>\n\t\t\t\t<\/div>\n\t\t\t\t<div class=\"elementor-element elementor-element-d9e4d80 elementor-widget elementor-widget-image\" data-id=\"d9e4d80\" data-element_type=\"widget\" data-widget_type=\"image.default\">\n\t\t\t\t<div class=\"elementor-widget-container\">\n\t\t\t\t\t\t\t\t\t\t\t\t\t\t\t<img loading=\"lazy\" decoding=\"async\" width=\"720\" height=\"540\" src=\"https:\/\/www.oscl.cl\/dev\/wp-content\/uploads\/2021\/07\/comunicacion3.png\" class=\"attachment-large size-large\" alt=\"\" srcset=\"https:\/\/www.oscl.cl\/dev\/wp-content\/uploads\/2021\/07\/comunicacion3.png 800w, https:\/\/www.oscl.cl\/dev\/wp-content\/uploads\/2021\/07\/comunicacion3-300x225.png 300w, https:\/\/www.oscl.cl\/dev\/wp-content\/uploads\/2021\/07\/comunicacion3-768x576.png 768w\" sizes=\"auto, (max-width: 720px) 100vw, 720px\" \/>\t\t\t\t\t\t\t\t\t\t\t\t\t\t\t<\/div>\n\t\t\t\t<\/div>\n\t\t\t\t<div class=\"elementor-element elementor-element-f9a5f0c elementor-widget elementor-widget-text-editor\" data-id=\"f9a5f0c\" data-element_type=\"widget\" data-widget_type=\"text-editor.default\">\n\t\t\t\t<div class=\"elementor-widget-container\">\n\t\t\t\t\t\t\t<p><strong>Tipo<\/strong>: Curso Sence<br \/><strong>C\u00f3digo<\/strong>: En Tr\u00e1mite<br \/><strong>\u00c1rea: <\/strong>Habilidades Blandas<strong><br \/>Duraci\u00f3n<\/strong>: 8 Horas<br \/><strong>Modalidad<\/strong>: Presencial<\/p>\t\t\t\t\t\t<\/div>\n\t\t\t\t<\/div>\n\t\t\t\t<div class=\"elementor-element elementor-element-49b4f42 elementor-widget elementor-widget-spacer\" data-id=\"49b4f42\" data-element_type=\"widget\" data-widget_type=\"spacer.default\">\n\t\t\t\t<div class=\"elementor-widget-container\">\n\t\t\t\t\t<div class=\"elementor-spacer\">\n\t\t\t<div class=\"elementor-spacer-inner\"><\/div>\n\t\t<\/div>\n\t\t\t\t<\/div>\n\t\t\t\t<\/div>\n\t\t\t\t\t<\/div>\n\t\t<\/div>\n\t\t\t\t\t\t\t<\/div>\n\t\t<\/section>\n\t\t\t\t<section class=\"elementor-section elementor-top-section elementor-element elementor-element-c715dfa elementor-section-boxed elementor-section-height-default elementor-section-height-default\" data-id=\"c715dfa\" data-element_type=\"section\">\n\t\t\t\t\t\t<div class=\"elementor-container elementor-column-gap-default\">\n\t\t\t\t\t<div class=\"elementor-column elementor-col-33 elementor-top-column elementor-element elementor-element-e89d999\" data-id=\"e89d999\" data-element_type=\"column\">\n\t\t\t<div class=\"elementor-widget-wrap elementor-element-populated\">\n\t\t\t\t\t\t\t\t<div class=\"elementor-element elementor-element-4b0c195 elementor-widget elementor-widget-heading\" data-id=\"4b0c195\" data-element_type=\"widget\" data-widget_type=\"heading.default\">\n\t\t\t\t<div class=\"elementor-widget-container\">\n\t\t\t<h6 class=\"elementor-heading-title elementor-size-default\">T\u00e9cnicas para una Comunicaci\u00f3n Efectiva<\/h6>\t\t<\/div>\n\t\t\t\t<\/div>\n\t\t\t\t<div class=\"elementor-element elementor-element-7bf1ef9 elementor-widget elementor-widget-image\" data-id=\"7bf1ef9\" data-element_type=\"widget\" data-widget_type=\"image.default\">\n\t\t\t\t<div class=\"elementor-widget-container\">\n\t\t\t\t\t\t\t\t\t\t\t\t\t\t\t<img loading=\"lazy\" decoding=\"async\" width=\"720\" height=\"425\" src=\"https:\/\/www.oscl.cl\/dev\/wp-content\/uploads\/2025\/01\/comunicacion-efectiva.jpg\" class=\"attachment-large size-large\" alt=\"\" srcset=\"https:\/\/www.oscl.cl\/dev\/wp-content\/uploads\/2025\/01\/comunicacion-efectiva.jpg 950w, https:\/\/www.oscl.cl\/dev\/wp-content\/uploads\/2025\/01\/comunicacion-efectiva-300x177.jpg 300w, https:\/\/www.oscl.cl\/dev\/wp-content\/uploads\/2025\/01\/comunicacion-efectiva-768x454.jpg 768w\" sizes=\"auto, (max-width: 720px) 100vw, 720px\" \/>\t\t\t\t\t\t\t\t\t\t\t\t\t\t\t<\/div>\n\t\t\t\t<\/div>\n\t\t\t\t<div class=\"elementor-element elementor-element-517b7de elementor-widget elementor-widget-text-editor\" data-id=\"517b7de\" data-element_type=\"widget\" data-widget_type=\"text-editor.default\">\n\t\t\t\t<div class=\"elementor-widget-container\">\n\t\t\t\t\t\t\t<p><strong>Tipo<\/strong>: Curso Sence<br \/><strong>C\u00f3digo<\/strong>: <a href=\"https:\/\/eligemejor.sence.cl\/BuscarCursoNuevo\/DetalleCurso?curso=1238038216\">1238038216<\/a><br \/><strong>\u00c1rea: <\/strong>Habilidades Blandas<strong><br \/>Duraci\u00f3n<\/strong>: 100 Horas<br \/><strong>Modalidad<\/strong>: Distancia<\/p>\t\t\t\t\t\t<\/div>\n\t\t\t\t<\/div>\n\t\t\t\t\t<\/div>\n\t\t<\/div>\n\t\t\t\t<div class=\"elementor-column elementor-col-33 elementor-top-column elementor-element elementor-element-7047f0f\" data-id=\"7047f0f\" data-element_type=\"column\">\n\t\t\t<div class=\"elementor-widget-wrap elementor-element-populated\">\n\t\t\t\t\t\t\t\t<div class=\"elementor-element elementor-element-91e4542 elementor-widget elementor-widget-heading\" data-id=\"91e4542\" data-element_type=\"widget\" data-widget_type=\"heading.default\">\n\t\t\t\t<div class=\"elementor-widget-container\">\n\t\t\t<h6 class=\"elementor-heading-title elementor-size-default\">Aplicaci\u00f3n de Estrategias de Psicolog\u00eda de la Emergencia<\/h6>\t\t<\/div>\n\t\t\t\t<\/div>\n\t\t\t\t<div class=\"elementor-element elementor-element-db8e408 elementor-widget elementor-widget-image\" data-id=\"db8e408\" data-element_type=\"widget\" data-widget_type=\"image.default\">\n\t\t\t\t<div class=\"elementor-widget-container\">\n\t\t\t\t\t\t\t\t\t\t\t\t\t\t\t<img loading=\"lazy\" decoding=\"async\" width=\"720\" height=\"395\" src=\"https:\/\/www.oscl.cl\/dev\/wp-content\/uploads\/2025\/01\/6673050.webp\" class=\"attachment-large size-large\" alt=\"\" srcset=\"https:\/\/www.oscl.cl\/dev\/wp-content\/uploads\/2025\/01\/6673050.webp 900w, https:\/\/www.oscl.cl\/dev\/wp-content\/uploads\/2025\/01\/6673050-300x165.webp 300w, https:\/\/www.oscl.cl\/dev\/wp-content\/uploads\/2025\/01\/6673050-768x422.webp 768w, https:\/\/www.oscl.cl\/dev\/wp-content\/uploads\/2025\/01\/6673050-600x330.webp 600w\" sizes=\"auto, (max-width: 720px) 100vw, 720px\" \/>\t\t\t\t\t\t\t\t\t\t\t\t\t\t\t<\/div>\n\t\t\t\t<\/div>\n\t\t\t\t<div class=\"elementor-element elementor-element-ecf1a77 elementor-widget elementor-widget-text-editor\" data-id=\"ecf1a77\" data-element_type=\"widget\" data-widget_type=\"text-editor.default\">\n\t\t\t\t<div class=\"elementor-widget-container\">\n\t\t\t\t\t\t\t<p><strong>Tipo<\/strong>: Curso Sence<br \/><strong>C\u00f3digo<\/strong>: <a href=\"https:\/\/eligemejor.sence.cl\/BuscarCursoNuevo\/DetalleCurso?curso=1238033283\">1238033283<\/a><br \/><strong>\u00c1rea: <\/strong>Habilidades Blandas<strong><br \/>Duraci\u00f3n<\/strong>: 8 Horas<br \/><strong>Modalidad<\/strong>: Presencial<\/p>\t\t\t\t\t\t<\/div>\n\t\t\t\t<\/div>\n\t\t\t\t\t<\/div>\n\t\t<\/div>\n\t\t\t\t<div class=\"elementor-column elementor-col-33 elementor-top-column elementor-element elementor-element-763b042\" data-id=\"763b042\" data-element_type=\"column\">\n\t\t\t<div class=\"elementor-widget-wrap\">\n\t\t\t\t\t\t\t\t\t<\/div>\n\t\t<\/div>\n\t\t\t\t\t\t\t<\/div>\n\t\t<\/section>\n\t\t\t\t<section class=\"elementor-section elementor-top-section elementor-element elementor-element-815e140 elementor-section-boxed elementor-section-height-default elementor-section-height-default\" data-id=\"815e140\" data-element_type=\"section\">\n\t\t\t\t\t\t<div class=\"elementor-container elementor-column-gap-default\">\n\t\t\t\t\t<div class=\"elementor-column elementor-col-100 elementor-top-column elementor-element elementor-element-7368ca1\" data-id=\"7368ca1\" data-element_type=\"column\">\n\t\t\t<div class=\"elementor-widget-wrap\">\n\t\t\t\t\t\t\t\t\t<\/div>\n\t\t<\/div>\n\t\t\t\t\t\t\t<\/div>\n\t\t<\/section>\n\t\t\t\t\t\t<\/div>\n\t\t\t\t\t<\/div>\n\t\t","protected":false},"excerpt":{"rendered":"<p>T\u00e9cnicas para una Comunicaci\u00f3n Efectiva Tipo: Curso SenceC\u00f3digo: En Tr\u00e1mite\u00c1rea: Habilidades BlandasDuraci\u00f3n: 80 HorasModalidad: Distancia Herramientas de Liderazgo, Trabajo en Equipo y Comunicaci\u00f3n Efectiva Tipo: Curso SenceC\u00f3digo: En Tr\u00e1mite\u00c1rea: Habilidades BlandasDuraci\u00f3n: 12 HorasModalidad: Presencial T\u00e9cnicas de Liderazgo, Trabajo en Equipo<\/p>\n","protected":false},"author":1,"featured_media":0,"parent":0,"menu_order":0,"comment_status":"closed","ping_status":"closed","template":"","meta":{"_joinchat":[],"footnotes":""},"class_list":["post-578","page","type-page","status-publish","hentry"],"_links":{"self":[{"href":"https:\/\/www.oscl.cl\/dev\/index.php?rest_route=\/wp\/v2\/pages\/578","targetHints":{"allow":["GET"]}}],"collection":[{"href":"https:\/\/www.oscl.cl\/dev\/index.php?rest_route=\/wp\/v2\/pages"}],"about":[{"href":"https:\/\/www.oscl.cl\/dev\/index.php?rest_route=\/wp\/v2\/types\/page"}],"author":[{"embeddable":true,"href":"https:\/\/www.oscl.cl\/dev\/index.php?rest_route=\/wp\/v2\/users\/1"}],"replies":[{"embeddable":true,"href":"https:\/\/www.oscl.cl\/dev\/index.php?rest_route=%2Fwp%2Fv2%2Fcomments&post=578"}],"version-history":[{"count":49,"href":"https:\/\/www.oscl.cl\/dev\/index.php?rest_route=\/wp\/v2\/pages\/578\/revisions"}],"predecessor-version":[{"id":5495,"href":"https:\/\/www.oscl.cl\/dev\/index.php?rest_route=\/wp\/v2\/pages\/578\/revisions\/5495"}],"wp:attachment":[{"href":"https:\/\/www.oscl.cl\/dev\/index.php?rest_route=%2Fwp%2Fv2%2Fmedia&parent=578"}],"curies":[{"name":"wp","href":"https:\/\/api.w.org\/{rel}","templated":true}]}}