{"id":576,"date":"2021-07-02T19:45:59","date_gmt":"2021-07-02T19:45:59","guid":{"rendered":"https:\/\/oscl.cl\/dev\/?page_id=576"},"modified":"2025-01-14T19:56:35","modified_gmt":"2025-01-14T19:56:35","slug":"salud-ocupacional","status":"publish","type":"page","link":"https:\/\/www.oscl.cl\/dev\/?page_id=576","title":{"rendered":"Salud Ocupacional"},"content":{"rendered":"\t\t<div data-elementor-type=\"wp-page\" data-elementor-id=\"576\" class=\"elementor elementor-576\" data-elementor-settings=\"[]\">\n\t\t\t\t\t\t\t<div class=\"elementor-section-wrap\">\n\t\t\t\t\t\t\t<section class=\"elementor-section elementor-top-section elementor-element elementor-element-4009cfb elementor-section-boxed elementor-section-height-default elementor-section-height-default\" data-id=\"4009cfb\" data-element_type=\"section\">\n\t\t\t\t\t\t<div class=\"elementor-container elementor-column-gap-default\">\n\t\t\t\t\t<div class=\"elementor-column elementor-col-33 elementor-top-column elementor-element elementor-element-46cf905\" data-id=\"46cf905\" data-element_type=\"column\">\n\t\t\t<div class=\"elementor-widget-wrap elementor-element-populated\">\n\t\t\t\t\t\t\t\t<div class=\"elementor-element elementor-element-5fb840a elementor-widget elementor-widget-heading\" data-id=\"5fb840a\" data-element_type=\"widget\" data-widget_type=\"heading.default\">\n\t\t\t\t<div class=\"elementor-widget-container\">\n\t\t\t<h6 class=\"elementor-heading-title elementor-size-default\">Manejo y Uso de <br>Plaguicidas Agr\u00edcolas<\/h6>\t\t<\/div>\n\t\t\t\t<\/div>\n\t\t\t\t<div class=\"elementor-element elementor-element-5524259 elementor-widget elementor-widget-image\" data-id=\"5524259\" data-element_type=\"widget\" data-widget_type=\"image.default\">\n\t\t\t\t<div class=\"elementor-widget-container\">\n\t\t\t\t\t\t\t\t\t\t\t\t\t\t\t<img loading=\"lazy\" decoding=\"async\" width=\"720\" height=\"540\" src=\"https:\/\/www.oscl.cl\/dev\/wp-content\/uploads\/2021\/07\/plagicida.png\" class=\"attachment-large size-large\" alt=\"\" srcset=\"https:\/\/www.oscl.cl\/dev\/wp-content\/uploads\/2021\/07\/plagicida.png 800w, https:\/\/www.oscl.cl\/dev\/wp-content\/uploads\/2021\/07\/plagicida-300x225.png 300w, https:\/\/www.oscl.cl\/dev\/wp-content\/uploads\/2021\/07\/plagicida-768x576.png 768w\" sizes=\"auto, (max-width: 720px) 100vw, 720px\" \/>\t\t\t\t\t\t\t\t\t\t\t\t\t\t\t<\/div>\n\t\t\t\t<\/div>\n\t\t\t\t<div class=\"elementor-element elementor-element-913611a elementor-widget elementor-widget-text-editor\" data-id=\"913611a\" data-element_type=\"widget\" data-widget_type=\"text-editor.default\">\n\t\t\t\t<div class=\"elementor-widget-container\">\n\t\t\t\t\t\t\t<p><strong>Tipo<\/strong>: Curso Sence<br \/><strong>C\u00f3digo<\/strong>: En Tr\u00e1mite<br \/><strong>\u00c1rea: <\/strong>Salud Ocupacional<strong><br \/>Duraci\u00f3n<\/strong>: 32 Horas<br \/><strong>Modalidad<\/strong>: Presencial<\/p>\t\t\t\t\t\t<\/div>\n\t\t\t\t<\/div>\n\t\t\t\t\t<\/div>\n\t\t<\/div>\n\t\t\t\t<div class=\"elementor-column elementor-col-33 elementor-top-column elementor-element elementor-element-9fa9df3\" data-id=\"9fa9df3\" data-element_type=\"column\">\n\t\t\t<div class=\"elementor-widget-wrap elementor-element-populated\">\n\t\t\t\t\t\t\t\t<div class=\"elementor-element elementor-element-b7e78fa elementor-widget elementor-widget-heading\" data-id=\"b7e78fa\" data-element_type=\"widget\" data-widget_type=\"heading.default\">\n\t\t\t\t<div class=\"elementor-widget-container\">\n\t\t\t<h6 class=\"elementor-heading-title elementor-size-default\">T\u00e9cnicas de Manejo Seguro de Citost\u00e1ticos<\/h6>\t\t<\/div>\n\t\t\t\t<\/div>\n\t\t\t\t<div class=\"elementor-element elementor-element-ded7c82 elementor-widget elementor-widget-image\" data-id=\"ded7c82\" data-element_type=\"widget\" data-widget_type=\"image.default\">\n\t\t\t\t<div class=\"elementor-widget-container\">\n\t\t\t\t\t\t\t\t\t\t\t\t\t\t\t<img loading=\"lazy\" decoding=\"async\" width=\"720\" height=\"540\" src=\"https:\/\/www.oscl.cl\/dev\/wp-content\/uploads\/2021\/07\/citoestaticos.png\" class=\"attachment-large size-large\" alt=\"\" srcset=\"https:\/\/www.oscl.cl\/dev\/wp-content\/uploads\/2021\/07\/citoestaticos.png 800w, https:\/\/www.oscl.cl\/dev\/wp-content\/uploads\/2021\/07\/citoestaticos-300x225.png 300w, https:\/\/www.oscl.cl\/dev\/wp-content\/uploads\/2021\/07\/citoestaticos-768x576.png 768w\" sizes=\"auto, (max-width: 720px) 100vw, 720px\" \/>\t\t\t\t\t\t\t\t\t\t\t\t\t\t\t<\/div>\n\t\t\t\t<\/div>\n\t\t\t\t<div class=\"elementor-element elementor-element-ebddb49 elementor-widget elementor-widget-text-editor\" data-id=\"ebddb49\" data-element_type=\"widget\" data-widget_type=\"text-editor.default\">\n\t\t\t\t<div class=\"elementor-widget-container\">\n\t\t\t\t\t\t\t<p><strong>Tipo<\/strong>: Curso Sence<br \/><strong>C\u00f3digo<\/strong>: En Tr\u00e1mite<br \/><strong>\u00c1rea: <\/strong>Salud Ocupacional<strong><br \/>Duraci\u00f3n<\/strong>: 24 Horas<br \/><strong>Modalidad<\/strong>: Presencial<\/p>\t\t\t\t\t\t<\/div>\n\t\t\t\t<\/div>\n\t\t\t\t\t<\/div>\n\t\t<\/div>\n\t\t\t\t<div class=\"elementor-column elementor-col-33 elementor-top-column elementor-element elementor-element-b466f8d\" data-id=\"b466f8d\" data-element_type=\"column\">\n\t\t\t<div class=\"elementor-widget-wrap elementor-element-populated\">\n\t\t\t\t\t\t\t\t<div class=\"elementor-element elementor-element-14be243 elementor-widget elementor-widget-heading\" data-id=\"14be243\" data-element_type=\"widget\" data-widget_type=\"heading.default\">\n\t\t\t\t<div class=\"elementor-widget-container\">\n\t\t\t<h6 class=\"elementor-heading-title elementor-size-default\">T\u00e9cnicas de Prevenci\u00f3n de Riesgos Laborales y Covid-19<\/h6>\t\t<\/div>\n\t\t\t\t<\/div>\n\t\t\t\t<div class=\"elementor-element elementor-element-cf62eab elementor-widget elementor-widget-image\" data-id=\"cf62eab\" data-element_type=\"widget\" data-widget_type=\"image.default\">\n\t\t\t\t<div class=\"elementor-widget-container\">\n\t\t\t\t\t\t\t\t\t\t\t\t\t\t\t<img loading=\"lazy\" decoding=\"async\" width=\"720\" height=\"540\" src=\"https:\/\/www.oscl.cl\/dev\/wp-content\/uploads\/2021\/07\/teletrabajo-1.png\" class=\"attachment-large size-large\" alt=\"\" srcset=\"https:\/\/www.oscl.cl\/dev\/wp-content\/uploads\/2021\/07\/teletrabajo-1.png 800w, https:\/\/www.oscl.cl\/dev\/wp-content\/uploads\/2021\/07\/teletrabajo-1-300x225.png 300w, https:\/\/www.oscl.cl\/dev\/wp-content\/uploads\/2021\/07\/teletrabajo-1-768x576.png 768w\" sizes=\"auto, (max-width: 720px) 100vw, 720px\" \/>\t\t\t\t\t\t\t\t\t\t\t\t\t\t\t<\/div>\n\t\t\t\t<\/div>\n\t\t\t\t<div class=\"elementor-element elementor-element-58d8ba1 elementor-widget elementor-widget-text-editor\" data-id=\"58d8ba1\" data-element_type=\"widget\" data-widget_type=\"text-editor.default\">\n\t\t\t\t<div class=\"elementor-widget-container\">\n\t\t\t\t\t\t\t<p><strong>Tipo<\/strong>: Curso Sence<br \/><strong>C\u00f3digo<\/strong>: En Tr\u00e1mite<br \/><strong>\u00c1rea: <\/strong>Salud Ocupacional<strong><br \/>Duraci\u00f3n<\/strong>: 120 Horas<br \/><strong>Modalidad<\/strong>: Distancia<\/p>\t\t\t\t\t\t<\/div>\n\t\t\t\t<\/div>\n\t\t\t\t\t<\/div>\n\t\t<\/div>\n\t\t\t\t\t\t\t<\/div>\n\t\t<\/section>\n\t\t\t\t<section class=\"elementor-section elementor-top-section elementor-element elementor-element-0973253 elementor-section-boxed elementor-section-height-default elementor-section-height-default\" data-id=\"0973253\" data-element_type=\"section\">\n\t\t\t\t\t\t<div class=\"elementor-container elementor-column-gap-default\">\n\t\t\t\t\t<div class=\"elementor-column elementor-col-33 elementor-top-column elementor-element elementor-element-14b62b4\" data-id=\"14b62b4\" data-element_type=\"column\">\n\t\t\t<div class=\"elementor-widget-wrap elementor-element-populated\">\n\t\t\t\t\t\t\t\t<div class=\"elementor-element elementor-element-1c000ec elementor-widget elementor-widget-heading\" data-id=\"1c000ec\" data-element_type=\"widget\" data-widget_type=\"heading.default\">\n\t\t\t\t<div class=\"elementor-widget-container\">\n\t\t\t<h6 class=\"elementor-heading-title elementor-size-default\">T\u00e9cnicas de Aplicaci\u00f3n de Pesticidas y Sanitizantes de uso Sanitario y Dom\u00e9stico<\/h6>\t\t<\/div>\n\t\t\t\t<\/div>\n\t\t\t\t<div class=\"elementor-element elementor-element-3e8d091 elementor-widget elementor-widget-image\" data-id=\"3e8d091\" data-element_type=\"widget\" data-widget_type=\"image.default\">\n\t\t\t\t<div class=\"elementor-widget-container\">\n\t\t\t\t\t\t\t\t\t\t\t\t\t\t\t<img loading=\"lazy\" decoding=\"async\" width=\"720\" height=\"540\" src=\"https:\/\/www.oscl.cl\/dev\/wp-content\/uploads\/2021\/07\/sanitizacion.png\" class=\"attachment-large size-large\" alt=\"\" srcset=\"https:\/\/www.oscl.cl\/dev\/wp-content\/uploads\/2021\/07\/sanitizacion.png 800w, https:\/\/www.oscl.cl\/dev\/wp-content\/uploads\/2021\/07\/sanitizacion-300x225.png 300w, https:\/\/www.oscl.cl\/dev\/wp-content\/uploads\/2021\/07\/sanitizacion-768x576.png 768w\" sizes=\"auto, (max-width: 720px) 100vw, 720px\" \/>\t\t\t\t\t\t\t\t\t\t\t\t\t\t\t<\/div>\n\t\t\t\t<\/div>\n\t\t\t\t<div class=\"elementor-element elementor-element-968b0ac elementor-widget elementor-widget-text-editor\" data-id=\"968b0ac\" data-element_type=\"widget\" data-widget_type=\"text-editor.default\">\n\t\t\t\t<div class=\"elementor-widget-container\">\n\t\t\t\t\t\t\t<p><strong>Tipo<\/strong>: Curso Sence<br><strong>C\u00f3digo<\/strong>: En Tr\u00e1mite<br><strong>\u00c1rea: <\/strong>Salud Ocupacional<strong><br>Duraci\u00f3n<\/strong>: 24 Horas<br><strong>Modalidad<\/strong>: Presencial<\/p>\t\t\t\t\t\t<\/div>\n\t\t\t\t<\/div>\n\t\t\t\t\t<\/div>\n\t\t<\/div>\n\t\t\t\t<div class=\"elementor-column elementor-col-33 elementor-top-column elementor-element elementor-element-b61e0d5\" data-id=\"b61e0d5\" data-element_type=\"column\">\n\t\t\t<div class=\"elementor-widget-wrap elementor-element-populated\">\n\t\t\t\t\t\t\t\t<div class=\"elementor-element elementor-element-bcb233a elementor-widget elementor-widget-spacer\" data-id=\"bcb233a\" data-element_type=\"widget\" data-widget_type=\"spacer.default\">\n\t\t\t\t<div class=\"elementor-widget-container\">\n\t\t\t\t\t<div class=\"elementor-spacer\">\n\t\t\t<div class=\"elementor-spacer-inner\"><\/div>\n\t\t<\/div>\n\t\t\t\t<\/div>\n\t\t\t\t<\/div>\n\t\t\t\t\t<\/div>\n\t\t<\/div>\n\t\t\t\t<div class=\"elementor-column elementor-col-33 elementor-top-column elementor-element elementor-element-5f0961f\" data-id=\"5f0961f\" data-element_type=\"column\">\n\t\t\t<div class=\"elementor-widget-wrap\">\n\t\t\t\t\t\t\t\t\t<\/div>\n\t\t<\/div>\n\t\t\t\t\t\t\t<\/div>\n\t\t<\/section>\n\t\t\t\t\t\t<\/div>\n\t\t\t\t\t<\/div>\n\t\t","protected":false},"excerpt":{"rendered":"<p>Manejo y Uso de Plaguicidas Agr\u00edcolas Tipo: Curso SenceC\u00f3digo: En Tr\u00e1mite\u00c1rea: Salud OcupacionalDuraci\u00f3n: 32 HorasModalidad: Presencial T\u00e9cnicas de Manejo Seguro de Citost\u00e1ticos Tipo: Curso SenceC\u00f3digo: En Tr\u00e1mite\u00c1rea: Salud OcupacionalDuraci\u00f3n: 24 HorasModalidad: Presencial T\u00e9cnicas de Prevenci\u00f3n de Riesgos Laborales y Covid-19<\/p>\n","protected":false},"author":1,"featured_media":0,"parent":0,"menu_order":0,"comment_status":"closed","ping_status":"closed","template":"","meta":{"_joinchat":[],"footnotes":""},"class_list":["post-576","page","type-page","status-publish","hentry"],"_links":{"self":[{"href":"https:\/\/www.oscl.cl\/dev\/index.php?rest_route=\/wp\/v2\/pages\/576","targetHints":{"allow":["GET"]}}],"collection":[{"href":"https:\/\/www.oscl.cl\/dev\/index.php?rest_route=\/wp\/v2\/pages"}],"about":[{"href":"https:\/\/www.oscl.cl\/dev\/index.php?rest_route=\/wp\/v2\/types\/page"}],"author":[{"embeddable":true,"href":"https:\/\/www.oscl.cl\/dev\/index.php?rest_route=\/wp\/v2\/users\/1"}],"replies":[{"embeddable":true,"href":"https:\/\/www.oscl.cl\/dev\/index.php?rest_route=%2Fwp%2Fv2%2Fcomments&post=576"}],"version-history":[{"count":31,"href":"https:\/\/www.oscl.cl\/dev\/index.php?rest_route=\/wp\/v2\/pages\/576\/revisions"}],"predecessor-version":[{"id":5498,"href":"https:\/\/www.oscl.cl\/dev\/index.php?rest_route=\/wp\/v2\/pages\/576\/revisions\/5498"}],"wp:attachment":[{"href":"https:\/\/www.oscl.cl\/dev\/index.php?rest_route=%2Fwp%2Fv2%2Fmedia&parent=576"}],"curies":[{"name":"wp","href":"https:\/\/api.w.org\/{rel}","templated":true}]}}