{"id":574,"date":"2021-07-02T19:45:40","date_gmt":"2021-07-02T19:45:40","guid":{"rendered":"https:\/\/oscl.cl\/dev\/?page_id=574"},"modified":"2025-01-14T19:43:14","modified_gmt":"2025-01-14T19:43:14","slug":"brigada-de-emergencia","status":"publish","type":"page","link":"https:\/\/www.oscl.cl\/dev\/?page_id=574","title":{"rendered":"Brigada de Emergencia"},"content":{"rendered":"\t\t<div data-elementor-type=\"wp-page\" data-elementor-id=\"574\" class=\"elementor elementor-574\" data-elementor-settings=\"[]\">\n\t\t\t\t\t\t\t<div class=\"elementor-section-wrap\">\n\t\t\t\t\t\t\t<section class=\"elementor-section elementor-top-section elementor-element elementor-element-d9cb365 elementor-section-boxed elementor-section-height-default elementor-section-height-default\" data-id=\"d9cb365\" data-element_type=\"section\">\n\t\t\t\t\t\t<div class=\"elementor-container elementor-column-gap-default\">\n\t\t\t\t\t<div class=\"elementor-column elementor-col-33 elementor-top-column elementor-element elementor-element-ebcdb0a\" data-id=\"ebcdb0a\" data-element_type=\"column\">\n\t\t\t<div class=\"elementor-widget-wrap elementor-element-populated\">\n\t\t\t\t\t\t\t\t<div class=\"elementor-element elementor-element-92f8ad3 elementor-widget elementor-widget-heading\" data-id=\"92f8ad3\" data-element_type=\"widget\" data-widget_type=\"heading.default\">\n\t\t\t\t<div class=\"elementor-widget-container\">\n\t\t\t<h6 class=\"elementor-heading-title elementor-size-default\">Manejo de Emergencias en Brigadas Industriales\n<\/h6>\t\t<\/div>\n\t\t\t\t<\/div>\n\t\t\t\t<div class=\"elementor-element elementor-element-a2385a3 elementor-widget elementor-widget-image\" data-id=\"a2385a3\" data-element_type=\"widget\" data-widget_type=\"image.default\">\n\t\t\t\t<div class=\"elementor-widget-container\">\n\t\t\t\t\t\t\t\t\t\t\t\t\t\t\t<img loading=\"lazy\" decoding=\"async\" width=\"720\" height=\"540\" src=\"https:\/\/www.oscl.cl\/dev\/wp-content\/uploads\/2021\/07\/manejobrigadas.jpg\" class=\"attachment-large size-large\" alt=\"\" srcset=\"https:\/\/www.oscl.cl\/dev\/wp-content\/uploads\/2021\/07\/manejobrigadas.jpg 1024w, https:\/\/www.oscl.cl\/dev\/wp-content\/uploads\/2021\/07\/manejobrigadas-300x225.jpg 300w, https:\/\/www.oscl.cl\/dev\/wp-content\/uploads\/2021\/07\/manejobrigadas-768x576.jpg 768w\" sizes=\"auto, (max-width: 720px) 100vw, 720px\" \/>\t\t\t\t\t\t\t\t\t\t\t\t\t\t\t<\/div>\n\t\t\t\t<\/div>\n\t\t\t\t<div class=\"elementor-element elementor-element-038d8eb elementor-widget elementor-widget-text-editor\" data-id=\"038d8eb\" data-element_type=\"widget\" data-widget_type=\"text-editor.default\">\n\t\t\t\t<div class=\"elementor-widget-container\">\n\t\t\t\t\t\t\t<p><strong>Tipo<\/strong>: Curso Sence<strong><br \/>C\u00f3digo<\/strong>: En Tr\u00e1mite<br \/><strong>\u00c1rea<\/strong>: Brigada de Emergencia<br \/><strong>Duraci\u00f3n<\/strong>: 16 Horas<br \/><strong>Modalidad<\/strong>: Presencial<\/p>\t\t\t\t\t\t<\/div>\n\t\t\t\t<\/div>\n\t\t\t\t<div class=\"elementor-element elementor-element-07feee0 elementor-align-center elementor-widget elementor-widget-button\" data-id=\"07feee0\" data-element_type=\"widget\" data-widget_type=\"button.default\">\n\t\t\t\t<div class=\"elementor-widget-container\">\n\t\t\t\t\t<div class=\"elementor-button-wrapper\">\n\t\t\t<a href=\"http:\/\/[contact-form-7%20id=759%20title=Cursos]\" rel=\"nofollow\" class=\"elementor-button-link elementor-button elementor-size-xs\" role=\"button\">\n\t\t\t\t\t\t<span class=\"elementor-button-content-wrapper\">\n\t\t\t\t\t\t<span class=\"elementor-button-text\">Solicita Informaci\u00f3n<\/span>\n\t\t<\/span>\n\t\t\t\t\t<\/a>\n\t\t<\/div>\n\t\t\t\t<\/div>\n\t\t\t\t<\/div>\n\t\t\t\t\t<\/div>\n\t\t<\/div>\n\t\t\t\t<div class=\"elementor-column elementor-col-33 elementor-top-column elementor-element elementor-element-04a8d66\" data-id=\"04a8d66\" data-element_type=\"column\">\n\t\t\t<div class=\"elementor-widget-wrap elementor-element-populated\">\n\t\t\t\t\t\t\t\t<div class=\"elementor-element elementor-element-9e359e0 elementor-widget elementor-widget-heading\" data-id=\"9e359e0\" data-element_type=\"widget\" data-widget_type=\"heading.default\">\n\t\t\t\t<div class=\"elementor-widget-container\">\n\t\t\t<h6 class=\"elementor-heading-title elementor-size-default\">T\u00e9cnicas de Manejo de Emergencias para L\u00edderes de Evacuaci\u00f3n \n<\/h6>\t\t<\/div>\n\t\t\t\t<\/div>\n\t\t\t\t<div class=\"elementor-element elementor-element-f7b7fae elementor-widget elementor-widget-image\" data-id=\"f7b7fae\" data-element_type=\"widget\" data-widget_type=\"image.default\">\n\t\t\t\t<div class=\"elementor-widget-container\">\n\t\t\t\t\t\t\t\t\t\t\t\t\t\t\t<img loading=\"lazy\" decoding=\"async\" width=\"720\" height=\"540\" src=\"https:\/\/www.oscl.cl\/dev\/wp-content\/uploads\/2021\/07\/evacuacion.png\" class=\"attachment-large size-large\" alt=\"\" srcset=\"https:\/\/www.oscl.cl\/dev\/wp-content\/uploads\/2021\/07\/evacuacion.png 800w, https:\/\/www.oscl.cl\/dev\/wp-content\/uploads\/2021\/07\/evacuacion-300x225.png 300w, https:\/\/www.oscl.cl\/dev\/wp-content\/uploads\/2021\/07\/evacuacion-768x576.png 768w\" sizes=\"auto, (max-width: 720px) 100vw, 720px\" \/>\t\t\t\t\t\t\t\t\t\t\t\t\t\t\t<\/div>\n\t\t\t\t<\/div>\n\t\t\t\t<div class=\"elementor-element elementor-element-2e4a730 elementor-widget elementor-widget-text-editor\" data-id=\"2e4a730\" data-element_type=\"widget\" data-widget_type=\"text-editor.default\">\n\t\t\t\t<div class=\"elementor-widget-container\">\n\t\t\t\t\t\t\t<p><strong>Tipo<\/strong>: Curso Sence<strong><br \/>C\u00f3digo<\/strong>: En Tr\u00e1mite<br \/><strong>\u00c1rea<\/strong>: Brigada de Emergencia<br \/><strong>Duraci\u00f3n<\/strong>: 16 Horas<br \/><strong>Modalidad<\/strong>: Presencial<\/p>\t\t\t\t\t\t<\/div>\n\t\t\t\t<\/div>\n\t\t\t\t<div class=\"elementor-element elementor-element-e93aef8 elementor-align-center elementor-widget elementor-widget-button\" data-id=\"e93aef8\" data-element_type=\"widget\" data-widget_type=\"button.default\">\n\t\t\t\t<div class=\"elementor-widget-container\">\n\t\t\t\t\t<div class=\"elementor-button-wrapper\">\n\t\t\t<a href=\"#\" class=\"elementor-button-link elementor-button elementor-size-xs\" role=\"button\">\n\t\t\t\t\t\t<span class=\"elementor-button-content-wrapper\">\n\t\t\t\t\t\t<span class=\"elementor-button-text\">Solicita Informaci\u00f3n<\/span>\n\t\t<\/span>\n\t\t\t\t\t<\/a>\n\t\t<\/div>\n\t\t\t\t<\/div>\n\t\t\t\t<\/div>\n\t\t\t\t\t<\/div>\n\t\t<\/div>\n\t\t\t\t<div class=\"elementor-column elementor-col-33 elementor-top-column elementor-element elementor-element-775bdf3\" data-id=\"775bdf3\" data-element_type=\"column\">\n\t\t\t<div class=\"elementor-widget-wrap elementor-element-populated\">\n\t\t\t\t\t\t\t\t<div class=\"elementor-element elementor-element-21ef2c5 elementor-widget elementor-widget-heading\" data-id=\"21ef2c5\" data-element_type=\"widget\" data-widget_type=\"heading.default\">\n\t\t\t\t<div class=\"elementor-widget-container\">\n\t\t\t<h6 class=\"elementor-heading-title elementor-size-default\">T\u00e9cnicas Operaci\u00f3n y Mantenci\u00f3n de Extintores<\/h6>\t\t<\/div>\n\t\t\t\t<\/div>\n\t\t\t\t<div class=\"elementor-element elementor-element-af6445f elementor-widget elementor-widget-image\" data-id=\"af6445f\" data-element_type=\"widget\" data-widget_type=\"image.default\">\n\t\t\t\t<div class=\"elementor-widget-container\">\n\t\t\t\t\t\t\t\t\t\t\t\t\t\t\t<img loading=\"lazy\" decoding=\"async\" width=\"720\" height=\"540\" src=\"https:\/\/www.oscl.cl\/dev\/wp-content\/uploads\/2021\/07\/extintor.png\" class=\"attachment-large size-large\" alt=\"\" srcset=\"https:\/\/www.oscl.cl\/dev\/wp-content\/uploads\/2021\/07\/extintor.png 800w, https:\/\/www.oscl.cl\/dev\/wp-content\/uploads\/2021\/07\/extintor-300x225.png 300w, https:\/\/www.oscl.cl\/dev\/wp-content\/uploads\/2021\/07\/extintor-768x576.png 768w\" sizes=\"auto, (max-width: 720px) 100vw, 720px\" \/>\t\t\t\t\t\t\t\t\t\t\t\t\t\t\t<\/div>\n\t\t\t\t<\/div>\n\t\t\t\t<div class=\"elementor-element elementor-element-2e1a800 elementor-widget elementor-widget-text-editor\" data-id=\"2e1a800\" data-element_type=\"widget\" data-widget_type=\"text-editor.default\">\n\t\t\t\t<div class=\"elementor-widget-container\">\n\t\t\t\t\t\t\t<p><strong>Tipo<\/strong>: Curso Sence<strong><br \/>C\u00f3digo<\/strong>: En Tr\u00e1mite<br \/><strong>\u00c1rea<\/strong>: Brigada de Emergencia<br \/><strong>Duraci\u00f3n<\/strong>: 16 Horas<br \/><strong>Modalidad<\/strong>: Presencial<\/p>\t\t\t\t\t\t<\/div>\n\t\t\t\t<\/div>\n\t\t\t\t<div class=\"elementor-element elementor-element-856e56d elementor-align-center elementor-widget elementor-widget-button\" data-id=\"856e56d\" data-element_type=\"widget\" data-widget_type=\"button.default\">\n\t\t\t\t<div class=\"elementor-widget-container\">\n\t\t\t\t\t<div class=\"elementor-button-wrapper\">\n\t\t\t<a href=\"#\" class=\"elementor-button-link elementor-button elementor-size-xs\" role=\"button\">\n\t\t\t\t\t\t<span class=\"elementor-button-content-wrapper\">\n\t\t\t\t\t\t<span class=\"elementor-button-text\">Solicita Informaci\u00f3n<\/span>\n\t\t<\/span>\n\t\t\t\t\t<\/a>\n\t\t<\/div>\n\t\t\t\t<\/div>\n\t\t\t\t<\/div>\n\t\t\t\t\t<\/div>\n\t\t<\/div>\n\t\t\t\t\t\t\t<\/div>\n\t\t<\/section>\n\t\t\t\t<section class=\"elementor-section elementor-top-section elementor-element elementor-element-07c122e elementor-section-boxed elementor-section-height-default elementor-section-height-default\" data-id=\"07c122e\" data-element_type=\"section\">\n\t\t\t\t\t\t<div class=\"elementor-container elementor-column-gap-default\">\n\t\t\t\t\t<div class=\"elementor-column elementor-col-100 elementor-top-column elementor-element elementor-element-0ed3d8f\" data-id=\"0ed3d8f\" data-element_type=\"column\">\n\t\t\t<div class=\"elementor-widget-wrap\">\n\t\t\t\t\t\t\t\t\t<\/div>\n\t\t<\/div>\n\t\t\t\t\t\t\t<\/div>\n\t\t<\/section>\n\t\t\t\t<section class=\"elementor-section elementor-top-section elementor-element elementor-element-e202801 elementor-section-boxed elementor-section-height-default elementor-section-height-default\" data-id=\"e202801\" data-element_type=\"section\">\n\t\t\t\t\t\t<div class=\"elementor-container elementor-column-gap-default\">\n\t\t\t\t\t<div class=\"elementor-column elementor-col-33 elementor-top-column elementor-element elementor-element-6a93ab9\" data-id=\"6a93ab9\" data-element_type=\"column\">\n\t\t\t<div class=\"elementor-widget-wrap elementor-element-populated\">\n\t\t\t\t\t\t\t\t<div class=\"elementor-element elementor-element-76e05f6 elementor-widget elementor-widget-heading\" data-id=\"76e05f6\" data-element_type=\"widget\" data-widget_type=\"heading.default\">\n\t\t\t\t<div class=\"elementor-widget-container\">\n\t\t\t<h6 class=\"elementor-heading-title elementor-size-default\">Aplicaci\u00f3n de Procedimientos de Primeros Auxilios\n<\/h6>\t\t<\/div>\n\t\t\t\t<\/div>\n\t\t\t\t<div class=\"elementor-element elementor-element-56a0e78 elementor-widget elementor-widget-image\" data-id=\"56a0e78\" data-element_type=\"widget\" data-widget_type=\"image.default\">\n\t\t\t\t<div class=\"elementor-widget-container\">\n\t\t\t\t\t\t\t\t\t\t\t\t\t\t\t<img loading=\"lazy\" decoding=\"async\" width=\"720\" height=\"406\" src=\"https:\/\/www.oscl.cl\/dev\/wp-content\/uploads\/2025\/01\/Para-cursos-formacion-3-1024x578.png\" class=\"attachment-large size-large\" alt=\"\" srcset=\"https:\/\/www.oscl.cl\/dev\/wp-content\/uploads\/2025\/01\/Para-cursos-formacion-3-1024x578.png 1024w, https:\/\/www.oscl.cl\/dev\/wp-content\/uploads\/2025\/01\/Para-cursos-formacion-3-300x169.png 300w, https:\/\/www.oscl.cl\/dev\/wp-content\/uploads\/2025\/01\/Para-cursos-formacion-3-768x434.png 768w, https:\/\/www.oscl.cl\/dev\/wp-content\/uploads\/2025\/01\/Para-cursos-formacion-3.png 1240w\" sizes=\"auto, (max-width: 720px) 100vw, 720px\" \/>\t\t\t\t\t\t\t\t\t\t\t\t\t\t\t<\/div>\n\t\t\t\t<\/div>\n\t\t\t\t<div class=\"elementor-element elementor-element-8f6a81f elementor-widget elementor-widget-text-editor\" data-id=\"8f6a81f\" data-element_type=\"widget\" data-widget_type=\"text-editor.default\">\n\t\t\t\t<div class=\"elementor-widget-container\">\n\t\t\t\t\t\t\t<p><strong>Tipo<\/strong>: Curso Sence<strong><br \/><\/strong><strong>C\u00f3digo<\/strong>: <a href=\"https:\/\/eligemejor.sence.cl\/BuscarCursoNuevo\/DetalleCurso?curso=1238059369\">1238059369<\/a><br \/><strong>\u00c1rea<\/strong>: Brigada de Emergencia<br \/><strong>Duraci\u00f3n<\/strong>: 150 Horas<br \/><strong>Modalidad<\/strong>: Distancia<\/p>\t\t\t\t\t\t<\/div>\n\t\t\t\t<\/div>\n\t\t\t\t\t<\/div>\n\t\t<\/div>\n\t\t\t\t<div class=\"elementor-column elementor-col-33 elementor-top-column elementor-element elementor-element-2a2628b\" data-id=\"2a2628b\" data-element_type=\"column\">\n\t\t\t<div class=\"elementor-widget-wrap elementor-element-populated\">\n\t\t\t\t\t\t\t\t<div class=\"elementor-element elementor-element-4396c08 elementor-widget elementor-widget-heading\" data-id=\"4396c08\" data-element_type=\"widget\" data-widget_type=\"heading.default\">\n\t\t\t\t<div class=\"elementor-widget-container\">\n\t\t\t<h6 class=\"elementor-heading-title elementor-size-default\">T\u00e9cnicas de<br> Primeros Auxilios\n<\/h6>\t\t<\/div>\n\t\t\t\t<\/div>\n\t\t\t\t<div class=\"elementor-element elementor-element-142dcfa elementor-widget elementor-widget-image\" data-id=\"142dcfa\" data-element_type=\"widget\" data-widget_type=\"image.default\">\n\t\t\t\t<div class=\"elementor-widget-container\">\n\t\t\t\t\t\t\t\t\t\t\t\t\t\t\t<img loading=\"lazy\" decoding=\"async\" width=\"630\" height=\"408\" src=\"https:\/\/www.oscl.cl\/dev\/wp-content\/uploads\/2025\/01\/foto-6-1-630x408-1.jpg\" class=\"attachment-large size-large\" alt=\"\" srcset=\"https:\/\/www.oscl.cl\/dev\/wp-content\/uploads\/2025\/01\/foto-6-1-630x408-1.jpg 630w, https:\/\/www.oscl.cl\/dev\/wp-content\/uploads\/2025\/01\/foto-6-1-630x408-1-300x194.jpg 300w\" sizes=\"auto, (max-width: 630px) 100vw, 630px\" \/>\t\t\t\t\t\t\t\t\t\t\t\t\t\t\t<\/div>\n\t\t\t\t<\/div>\n\t\t\t\t<div class=\"elementor-element elementor-element-46ca343 elementor-widget elementor-widget-text-editor\" data-id=\"46ca343\" data-element_type=\"widget\" data-widget_type=\"text-editor.default\">\n\t\t\t\t<div class=\"elementor-widget-container\">\n\t\t\t\t\t\t\t<p><strong>Tipo<\/strong>: Curso Sence<strong><br \/><\/strong><strong>C\u00f3digo<\/strong>: <a href=\"https:\/\/eligemejor.sence.cl\/BuscarCursoNuevo\/DetalleCurso?curso=1238038852\">1238038852<\/a><br \/><strong>\u00c1rea<\/strong>: Brigada de Emergencia<br \/><strong>Duraci\u00f3n<\/strong>: 8 Horas<br \/><strong>Modalidad<\/strong>: Presencial<\/p>\t\t\t\t\t\t<\/div>\n\t\t\t\t<\/div>\n\t\t\t\t\t<\/div>\n\t\t<\/div>\n\t\t\t\t<div class=\"elementor-column elementor-col-33 elementor-top-column elementor-element elementor-element-a1da0c9\" data-id=\"a1da0c9\" data-element_type=\"column\">\n\t\t\t<div class=\"elementor-widget-wrap\">\n\t\t\t\t\t\t\t\t\t<\/div>\n\t\t<\/div>\n\t\t\t\t\t\t\t<\/div>\n\t\t<\/section>\n\t\t\t\t\t\t<\/div>\n\t\t\t\t\t<\/div>\n\t\t","protected":false},"excerpt":{"rendered":"<p>Manejo de Emergencias en Brigadas Industriales Tipo: Curso SenceC\u00f3digo: En Tr\u00e1mite\u00c1rea: Brigada de EmergenciaDuraci\u00f3n: 16 HorasModalidad: Presencial Solicita Informaci\u00f3n T\u00e9cnicas de Manejo de Emergencias para L\u00edderes de Evacuaci\u00f3n Tipo: Curso SenceC\u00f3digo: En Tr\u00e1mite\u00c1rea: Brigada de EmergenciaDuraci\u00f3n: 16 HorasModalidad: Presencial Solicita<\/p>\n","protected":false},"author":1,"featured_media":0,"parent":0,"menu_order":0,"comment_status":"closed","ping_status":"closed","template":"","meta":{"_joinchat":[],"footnotes":""},"class_list":["post-574","page","type-page","status-publish","hentry"],"_links":{"self":[{"href":"https:\/\/www.oscl.cl\/dev\/index.php?rest_route=\/wp\/v2\/pages\/574","targetHints":{"allow":["GET"]}}],"collection":[{"href":"https:\/\/www.oscl.cl\/dev\/index.php?rest_route=\/wp\/v2\/pages"}],"about":[{"href":"https:\/\/www.oscl.cl\/dev\/index.php?rest_route=\/wp\/v2\/types\/page"}],"author":[{"embeddable":true,"href":"https:\/\/www.oscl.cl\/dev\/index.php?rest_route=\/wp\/v2\/users\/1"}],"replies":[{"embeddable":true,"href":"https:\/\/www.oscl.cl\/dev\/index.php?rest_route=%2Fwp%2Fv2%2Fcomments&post=574"}],"version-history":[{"count":76,"href":"https:\/\/www.oscl.cl\/dev\/index.php?rest_route=\/wp\/v2\/pages\/574\/revisions"}],"predecessor-version":[{"id":5486,"href":"https:\/\/www.oscl.cl\/dev\/index.php?rest_route=\/wp\/v2\/pages\/574\/revisions\/5486"}],"wp:attachment":[{"href":"https:\/\/www.oscl.cl\/dev\/index.php?rest_route=%2Fwp%2Fv2%2Fmedia&parent=574"}],"curies":[{"name":"wp","href":"https:\/\/api.w.org\/{rel}","templated":true}]}}