{"id":572,"date":"2021-07-02T19:45:22","date_gmt":"2021-07-02T19:45:22","guid":{"rendered":"https:\/\/oscl.cl\/dev\/?page_id=572"},"modified":"2025-01-14T19:32:04","modified_gmt":"2025-01-14T19:32:04","slug":"industria-alimentaria","status":"publish","type":"page","link":"https:\/\/www.oscl.cl\/dev\/?page_id=572","title":{"rendered":"Industria Alimentaria"},"content":{"rendered":"\t\t<div data-elementor-type=\"wp-page\" data-elementor-id=\"572\" class=\"elementor elementor-572\" data-elementor-settings=\"[]\">\n\t\t\t\t\t\t\t<div class=\"elementor-section-wrap\">\n\t\t\t\t\t\t\t<section class=\"elementor-section elementor-top-section elementor-element elementor-element-d3b9133 elementor-section-boxed elementor-section-height-default elementor-section-height-default\" data-id=\"d3b9133\" data-element_type=\"section\">\n\t\t\t\t\t\t<div class=\"elementor-container elementor-column-gap-default\">\n\t\t\t\t\t<div class=\"elementor-column elementor-col-33 elementor-top-column elementor-element elementor-element-2721c7b\" data-id=\"2721c7b\" data-element_type=\"column\">\n\t\t\t<div class=\"elementor-widget-wrap elementor-element-populated\">\n\t\t\t\t\t\t\t\t<div class=\"elementor-element elementor-element-9b7342b elementor-widget elementor-widget-heading\" data-id=\"9b7342b\" data-element_type=\"widget\" data-widget_type=\"heading.default\">\n\t\t\t\t<div class=\"elementor-widget-container\">\n\t\t\t<h6 class=\"elementor-heading-title elementor-size-default\">T\u00e9cnicas de Manipulaci\u00f3n, Higiene y Sanidad en Alimentos<\/h6>\t\t<\/div>\n\t\t\t\t<\/div>\n\t\t\t\t<div class=\"elementor-element elementor-element-1b4c5c6 elementor-widget elementor-widget-spacer\" data-id=\"1b4c5c6\" data-element_type=\"widget\" data-widget_type=\"spacer.default\">\n\t\t\t\t<div class=\"elementor-widget-container\">\n\t\t\t\t\t<div class=\"elementor-spacer\">\n\t\t\t<div class=\"elementor-spacer-inner\"><\/div>\n\t\t<\/div>\n\t\t\t\t<\/div>\n\t\t\t\t<\/div>\n\t\t\t\t<div class=\"elementor-element elementor-element-6aefbd1 elementor-widget elementor-widget-image\" data-id=\"6aefbd1\" data-element_type=\"widget\" data-widget_type=\"image.default\">\n\t\t\t\t<div class=\"elementor-widget-container\">\n\t\t\t\t\t\t\t\t\t\t\t\t\t\t\t<img loading=\"lazy\" decoding=\"async\" width=\"720\" height=\"475\" src=\"https:\/\/www.oscl.cl\/dev\/wp-content\/uploads\/2021\/07\/sanidadalimentos-2.jpg\" class=\"attachment-large size-large\" alt=\"\" srcset=\"https:\/\/www.oscl.cl\/dev\/wp-content\/uploads\/2021\/07\/sanidadalimentos-2.jpg 1092w, https:\/\/www.oscl.cl\/dev\/wp-content\/uploads\/2021\/07\/sanidadalimentos-2-300x198.jpg 300w\" sizes=\"auto, (max-width: 720px) 100vw, 720px\" \/>\t\t\t\t\t\t\t\t\t\t\t\t\t\t\t<\/div>\n\t\t\t\t<\/div>\n\t\t\t\t<div class=\"elementor-element elementor-element-16c7765 elementor-widget elementor-widget-text-editor\" data-id=\"16c7765\" data-element_type=\"widget\" data-widget_type=\"text-editor.default\">\n\t\t\t\t<div class=\"elementor-widget-container\">\n\t\t\t\t\t\t\t<p><strong>Tipo<\/strong>: Curso Sence<br \/><strong>C\u00f3digo<\/strong>: En tr\u00e1mite<br \/><strong>\u00c1rea: <\/strong>Industria Alimentaria<strong><br \/>Duraci\u00f3n<\/strong>: 12 Horas<br \/><strong>Modalidad<\/strong>: Presencial<\/p>\t\t\t\t\t\t<\/div>\n\t\t\t\t<\/div>\n\t\t\t\t<div class=\"elementor-element elementor-element-58b3ae4 elementor-align-center elementor-widget elementor-widget-button\" data-id=\"58b3ae4\" data-element_type=\"widget\" data-widget_type=\"button.default\">\n\t\t\t\t<div class=\"elementor-widget-container\">\n\t\t\t\t\t<div class=\"elementor-button-wrapper\">\n\t\t\t<a href=\"http:\/\/[contact-form-7%20id=759%20title=Cursos]\" class=\"elementor-button-link elementor-button elementor-size-xs\" role=\"button\">\n\t\t\t\t\t\t<span class=\"elementor-button-content-wrapper\">\n\t\t\t\t\t\t<span class=\"elementor-button-text\">Solicita Informaci\u00f3n<\/span>\n\t\t<\/span>\n\t\t\t\t\t<\/a>\n\t\t<\/div>\n\t\t\t\t<\/div>\n\t\t\t\t<\/div>\n\t\t\t\t<div class=\"elementor-element elementor-element-3e7b867 elementor-widget elementor-widget-spacer\" data-id=\"3e7b867\" data-element_type=\"widget\" data-widget_type=\"spacer.default\">\n\t\t\t\t<div class=\"elementor-widget-container\">\n\t\t\t\t\t<div class=\"elementor-spacer\">\n\t\t\t<div class=\"elementor-spacer-inner\"><\/div>\n\t\t<\/div>\n\t\t\t\t<\/div>\n\t\t\t\t<\/div>\n\t\t\t\t\t<\/div>\n\t\t<\/div>\n\t\t\t\t<div class=\"elementor-column elementor-col-33 elementor-top-column elementor-element elementor-element-25aedda\" data-id=\"25aedda\" data-element_type=\"column\">\n\t\t\t<div class=\"elementor-widget-wrap elementor-element-populated\">\n\t\t\t\t\t\t\t\t<div class=\"elementor-element elementor-element-b4f8f7c elementor-widget elementor-widget-heading\" data-id=\"b4f8f7c\" data-element_type=\"widget\" data-widget_type=\"heading.default\">\n\t\t\t\t<div class=\"elementor-widget-container\">\n\t\t\t<h6 class=\"elementor-heading-title elementor-size-default\">T\u00e9cnicas de Operaci\u00f3n de Calderas y Generadores de Vapor<\/h6>\t\t<\/div>\n\t\t\t\t<\/div>\n\t\t\t\t<div class=\"elementor-element elementor-element-132f59e elementor-widget elementor-widget-spacer\" data-id=\"132f59e\" data-element_type=\"widget\" data-widget_type=\"spacer.default\">\n\t\t\t\t<div class=\"elementor-widget-container\">\n\t\t\t\t\t<div class=\"elementor-spacer\">\n\t\t\t<div class=\"elementor-spacer-inner\"><\/div>\n\t\t<\/div>\n\t\t\t\t<\/div>\n\t\t\t\t<\/div>\n\t\t\t\t<div class=\"elementor-element elementor-element-0591194 elementor-widget elementor-widget-image\" data-id=\"0591194\" data-element_type=\"widget\" data-widget_type=\"image.default\">\n\t\t\t\t<div class=\"elementor-widget-container\">\n\t\t\t\t\t\t\t\t\t\t\t\t\t\t\t<img loading=\"lazy\" decoding=\"async\" width=\"512\" height=\"384\" src=\"https:\/\/www.oscl.cl\/dev\/wp-content\/uploads\/2021\/07\/calderas.png\" class=\"attachment-large size-large\" alt=\"\" srcset=\"https:\/\/www.oscl.cl\/dev\/wp-content\/uploads\/2021\/07\/calderas.png 512w, https:\/\/www.oscl.cl\/dev\/wp-content\/uploads\/2021\/07\/calderas-300x225.png 300w\" sizes=\"auto, (max-width: 512px) 100vw, 512px\" \/>\t\t\t\t\t\t\t\t\t\t\t\t\t\t\t<\/div>\n\t\t\t\t<\/div>\n\t\t\t\t<div class=\"elementor-element elementor-element-e080429 elementor-widget elementor-widget-text-editor\" data-id=\"e080429\" data-element_type=\"widget\" data-widget_type=\"text-editor.default\">\n\t\t\t\t<div class=\"elementor-widget-container\">\n\t\t\t\t\t\t\t<p><strong>Tipo<\/strong>: Curso Sence<br \/><strong>C\u00f3digo<\/strong>: En tr\u00e1mite<br \/><strong>\u00c1rea<\/strong>: Industria Alimentaria<br \/><strong>Duraci\u00f3n<\/strong>: 24 Horas<br \/><strong>Modalidad<\/strong>: Presencial<\/p>\t\t\t\t\t\t<\/div>\n\t\t\t\t<\/div>\n\t\t\t\t<div class=\"elementor-element elementor-element-64f7cec elementor-align-center elementor-widget elementor-widget-button\" data-id=\"64f7cec\" data-element_type=\"widget\" data-widget_type=\"button.default\">\n\t\t\t\t<div class=\"elementor-widget-container\">\n\t\t\t\t\t<div class=\"elementor-button-wrapper\">\n\t\t\t<a href=\"#\" class=\"elementor-button-link elementor-button elementor-size-xs\" role=\"button\">\n\t\t\t\t\t\t<span class=\"elementor-button-content-wrapper\">\n\t\t\t\t\t\t<span class=\"elementor-button-text\">Solicita Informaci\u00f3n<\/span>\n\t\t<\/span>\n\t\t\t\t\t<\/a>\n\t\t<\/div>\n\t\t\t\t<\/div>\n\t\t\t\t<\/div>\n\t\t\t\t<div class=\"elementor-element elementor-element-7ff26f7 elementor-widget elementor-widget-spacer\" data-id=\"7ff26f7\" data-element_type=\"widget\" data-widget_type=\"spacer.default\">\n\t\t\t\t<div class=\"elementor-widget-container\">\n\t\t\t\t\t<div class=\"elementor-spacer\">\n\t\t\t<div class=\"elementor-spacer-inner\"><\/div>\n\t\t<\/div>\n\t\t\t\t<\/div>\n\t\t\t\t<\/div>\n\t\t\t\t\t<\/div>\n\t\t<\/div>\n\t\t\t\t<div class=\"elementor-column elementor-col-33 elementor-top-column elementor-element elementor-element-65b438c\" data-id=\"65b438c\" data-element_type=\"column\">\n\t\t\t<div class=\"elementor-widget-wrap elementor-element-populated\">\n\t\t\t\t\t\t\t\t<div class=\"elementor-element elementor-element-40d7ead elementor-widget elementor-widget-heading\" data-id=\"40d7ead\" data-element_type=\"widget\" data-widget_type=\"heading.default\">\n\t\t\t\t<div class=\"elementor-widget-container\">\n\t\t\t<h6 class=\"elementor-heading-title elementor-size-default\">T\u00e9cnicas para la Operaci\u00f3n de Autoclaves<\/h6>\t\t<\/div>\n\t\t\t\t<\/div>\n\t\t\t\t<div class=\"elementor-element elementor-element-fee3258 elementor-widget elementor-widget-spacer\" data-id=\"fee3258\" data-element_type=\"widget\" data-widget_type=\"spacer.default\">\n\t\t\t\t<div class=\"elementor-widget-container\">\n\t\t\t\t\t<div class=\"elementor-spacer\">\n\t\t\t<div class=\"elementor-spacer-inner\"><\/div>\n\t\t<\/div>\n\t\t\t\t<\/div>\n\t\t\t\t<\/div>\n\t\t\t\t<div class=\"elementor-element elementor-element-e55c702 elementor-widget elementor-widget-image\" data-id=\"e55c702\" data-element_type=\"widget\" data-widget_type=\"image.default\">\n\t\t\t\t<div class=\"elementor-widget-container\">\n\t\t\t\t\t\t\t\t\t\t\t\t\t\t\t<img loading=\"lazy\" decoding=\"async\" width=\"720\" height=\"405\" src=\"https:\/\/www.oscl.cl\/dev\/wp-content\/uploads\/2021\/07\/autoclave-1024x576.png\" class=\"attachment-large size-large\" alt=\"\" srcset=\"https:\/\/www.oscl.cl\/dev\/wp-content\/uploads\/2021\/07\/autoclave-1024x576.png 1024w, https:\/\/www.oscl.cl\/dev\/wp-content\/uploads\/2021\/07\/autoclave-300x169.png 300w, https:\/\/www.oscl.cl\/dev\/wp-content\/uploads\/2021\/07\/autoclave-768x432.png 768w, https:\/\/www.oscl.cl\/dev\/wp-content\/uploads\/2021\/07\/autoclave.png 1080w\" sizes=\"auto, (max-width: 720px) 100vw, 720px\" \/>\t\t\t\t\t\t\t\t\t\t\t\t\t\t\t<\/div>\n\t\t\t\t<\/div>\n\t\t\t\t<div class=\"elementor-element elementor-element-22e58c5 elementor-widget elementor-widget-text-editor\" data-id=\"22e58c5\" data-element_type=\"widget\" data-widget_type=\"text-editor.default\">\n\t\t\t\t<div class=\"elementor-widget-container\">\n\t\t\t\t\t\t\t<p><strong>Tipo<\/strong>: Curso Sence<strong><br><\/strong><strong>C\u00f3digo<\/strong>: En tr\u00e1mite<br><strong>\u00c1rea<\/strong>: Industria Alimentaria<br><strong>Duraci\u00f3n<\/strong>: 16 Horas<br><strong>Modalidad<\/strong>: Presencial<\/p>\t\t\t\t\t\t<\/div>\n\t\t\t\t<\/div>\n\t\t\t\t<div class=\"elementor-element elementor-element-484f090 elementor-align-center elementor-widget elementor-widget-button\" data-id=\"484f090\" data-element_type=\"widget\" data-widget_type=\"button.default\">\n\t\t\t\t<div class=\"elementor-widget-container\">\n\t\t\t\t\t<div class=\"elementor-button-wrapper\">\n\t\t\t<a href=\"#\" class=\"elementor-button-link elementor-button elementor-size-xs\" role=\"button\">\n\t\t\t\t\t\t<span class=\"elementor-button-content-wrapper\">\n\t\t\t\t\t\t<span class=\"elementor-button-text\">Solicita Informaci\u00f3n<\/span>\n\t\t<\/span>\n\t\t\t\t\t<\/a>\n\t\t<\/div>\n\t\t\t\t<\/div>\n\t\t\t\t<\/div>\n\t\t\t\t<div class=\"elementor-element elementor-element-2495acc elementor-widget elementor-widget-spacer\" data-id=\"2495acc\" data-element_type=\"widget\" data-widget_type=\"spacer.default\">\n\t\t\t\t<div class=\"elementor-widget-container\">\n\t\t\t\t\t<div class=\"elementor-spacer\">\n\t\t\t<div class=\"elementor-spacer-inner\"><\/div>\n\t\t<\/div>\n\t\t\t\t<\/div>\n\t\t\t\t<\/div>\n\t\t\t\t\t<\/div>\n\t\t<\/div>\n\t\t\t\t\t\t\t<\/div>\n\t\t<\/section>\n\t\t\t\t<section class=\"elementor-section elementor-top-section elementor-element elementor-element-03550ad elementor-section-boxed elementor-section-height-default elementor-section-height-default\" data-id=\"03550ad\" data-element_type=\"section\">\n\t\t\t\t\t\t<div class=\"elementor-container elementor-column-gap-default\">\n\t\t\t\t\t<div class=\"elementor-column elementor-col-33 elementor-top-column elementor-element elementor-element-93b6c9c\" data-id=\"93b6c9c\" data-element_type=\"column\">\n\t\t\t<div class=\"elementor-widget-wrap elementor-element-populated\">\n\t\t\t\t\t\t\t\t<div class=\"elementor-element elementor-element-f2c1566 elementor-widget elementor-widget-heading\" data-id=\"f2c1566\" data-element_type=\"widget\" data-widget_type=\"heading.default\">\n\t\t\t\t<div class=\"elementor-widget-container\">\n\t\t\t<h6 class=\"elementor-heading-title elementor-size-default\">Aplicaci\u00f3n de Procedimientos de Calidad e Inocuidad Alimentaria Haccp, Pos, Bpm<\/h6>\t\t<\/div>\n\t\t\t\t<\/div>\n\t\t\t\t<div class=\"elementor-element elementor-element-f5ffc40 elementor-widget elementor-widget-image\" data-id=\"f5ffc40\" data-element_type=\"widget\" data-widget_type=\"image.default\">\n\t\t\t\t<div class=\"elementor-widget-container\">\n\t\t\t\t\t\t\t\t\t\t\t\t\t\t\t<img loading=\"lazy\" decoding=\"async\" width=\"720\" height=\"405\" src=\"https:\/\/www.oscl.cl\/dev\/wp-content\/uploads\/2022\/03\/BPM-HACCP-1.jpeg\" class=\"attachment-large size-large\" alt=\"\" srcset=\"https:\/\/www.oscl.cl\/dev\/wp-content\/uploads\/2022\/03\/BPM-HACCP-1.jpeg 800w, https:\/\/www.oscl.cl\/dev\/wp-content\/uploads\/2022\/03\/BPM-HACCP-1-300x169.jpeg 300w, https:\/\/www.oscl.cl\/dev\/wp-content\/uploads\/2022\/03\/BPM-HACCP-1-768x432.jpeg 768w\" sizes=\"auto, (max-width: 720px) 100vw, 720px\" \/>\t\t\t\t\t\t\t\t\t\t\t\t\t\t\t<\/div>\n\t\t\t\t<\/div>\n\t\t\t\t<div class=\"elementor-element elementor-element-ba04dd0 elementor-widget elementor-widget-text-editor\" data-id=\"ba04dd0\" data-element_type=\"widget\" data-widget_type=\"text-editor.default\">\n\t\t\t\t<div class=\"elementor-widget-container\">\n\t\t\t\t\t\t\t<p><strong>Tipo<\/strong>: Curso Sence<strong><br \/><\/strong><strong>C\u00f3digo<\/strong>: <a href=\"https:\/\/eligemejor.sence.cl\/BuscarCursoNuevo\/DetalleCurso?curso=1238030128\">1238030128<\/a><br \/><strong>\u00c1rea<\/strong>: Industria Alimentaria<br \/><strong>Duraci\u00f3n<\/strong>: 130 Horas<br \/><strong>Modalidad<\/strong>: Distancia<\/p>\t\t\t\t\t\t<\/div>\n\t\t\t\t<\/div>\n\t\t\t\t\t<\/div>\n\t\t<\/div>\n\t\t\t\t<div class=\"elementor-column elementor-col-33 elementor-top-column elementor-element elementor-element-7b3de5d\" data-id=\"7b3de5d\" data-element_type=\"column\">\n\t\t\t<div class=\"elementor-widget-wrap\">\n\t\t\t\t\t\t\t\t\t<\/div>\n\t\t<\/div>\n\t\t\t\t<div class=\"elementor-column elementor-col-33 elementor-top-column elementor-element elementor-element-fdcebdc\" data-id=\"fdcebdc\" data-element_type=\"column\">\n\t\t\t<div class=\"elementor-widget-wrap\">\n\t\t\t\t\t\t\t\t\t<\/div>\n\t\t<\/div>\n\t\t\t\t\t\t\t<\/div>\n\t\t<\/section>\n\t\t\t\t<section class=\"elementor-section elementor-top-section elementor-element elementor-element-cfbf7aa elementor-section-boxed elementor-section-height-default elementor-section-height-default\" data-id=\"cfbf7aa\" data-element_type=\"section\">\n\t\t\t\t\t\t<div class=\"elementor-container elementor-column-gap-default\">\n\t\t\t\t\t<div class=\"elementor-column elementor-col-100 elementor-top-column elementor-element elementor-element-29de4df\" data-id=\"29de4df\" data-element_type=\"column\">\n\t\t\t<div class=\"elementor-widget-wrap\">\n\t\t\t\t\t\t\t\t\t<\/div>\n\t\t<\/div>\n\t\t\t\t\t\t\t<\/div>\n\t\t<\/section>\n\t\t\t\t\t\t<\/div>\n\t\t\t\t\t<\/div>\n\t\t","protected":false},"excerpt":{"rendered":"<p>T\u00e9cnicas de Manipulaci\u00f3n, Higiene y Sanidad en Alimentos Tipo: Curso SenceC\u00f3digo: En tr\u00e1mite\u00c1rea: Industria AlimentariaDuraci\u00f3n: 12 HorasModalidad: Presencial Solicita Informaci\u00f3n T\u00e9cnicas de Operaci\u00f3n de Calderas y Generadores de Vapor Tipo: Curso SenceC\u00f3digo: En tr\u00e1mite\u00c1rea: Industria AlimentariaDuraci\u00f3n: 24 HorasModalidad: Presencial Solicita<\/p>\n","protected":false},"author":1,"featured_media":0,"parent":0,"menu_order":0,"comment_status":"closed","ping_status":"closed","template":"","meta":{"_joinchat":[],"footnotes":""},"class_list":["post-572","page","type-page","status-publish","hentry"],"_links":{"self":[{"href":"https:\/\/www.oscl.cl\/dev\/index.php?rest_route=\/wp\/v2\/pages\/572","targetHints":{"allow":["GET"]}}],"collection":[{"href":"https:\/\/www.oscl.cl\/dev\/index.php?rest_route=\/wp\/v2\/pages"}],"about":[{"href":"https:\/\/www.oscl.cl\/dev\/index.php?rest_route=\/wp\/v2\/types\/page"}],"author":[{"embeddable":true,"href":"https:\/\/www.oscl.cl\/dev\/index.php?rest_route=\/wp\/v2\/users\/1"}],"replies":[{"embeddable":true,"href":"https:\/\/www.oscl.cl\/dev\/index.php?rest_route=%2Fwp%2Fv2%2Fcomments&post=572"}],"version-history":[{"count":103,"href":"https:\/\/www.oscl.cl\/dev\/index.php?rest_route=\/wp\/v2\/pages\/572\/revisions"}],"predecessor-version":[{"id":5471,"href":"https:\/\/www.oscl.cl\/dev\/index.php?rest_route=\/wp\/v2\/pages\/572\/revisions\/5471"}],"wp:attachment":[{"href":"https:\/\/www.oscl.cl\/dev\/index.php?rest_route=%2Fwp%2Fv2%2Fmedia&parent=572"}],"curies":[{"name":"wp","href":"https:\/\/api.w.org\/{rel}","templated":true}]}}