{"id":428,"date":"2021-07-02T04:43:48","date_gmt":"2021-07-02T04:43:48","guid":{"rendered":"https:\/\/oscl.cl\/dev\/?page_id=428"},"modified":"2025-09-17T13:45:39","modified_gmt":"2025-09-17T13:45:39","slug":"equipo-de-trabajo","status":"publish","type":"page","link":"https:\/\/www.oscl.cl\/dev\/?page_id=428","title":{"rendered":"Equipo de Trabajo"},"content":{"rendered":"\t\t<div data-elementor-type=\"wp-page\" data-elementor-id=\"428\" class=\"elementor elementor-428\" data-elementor-settings=\"[]\">\n\t\t\t\t\t\t\t<div class=\"elementor-section-wrap\">\n\t\t\t\t\t\t\t<section class=\"elementor-section elementor-top-section elementor-element elementor-element-a529f6b elementor-section-boxed elementor-section-height-default elementor-section-height-default\" data-id=\"a529f6b\" data-element_type=\"section\">\n\t\t\t\t\t\t<div class=\"elementor-container elementor-column-gap-default\">\n\t\t\t\t\t<div class=\"elementor-column elementor-col-100 elementor-top-column elementor-element elementor-element-e390961\" data-id=\"e390961\" data-element_type=\"column\">\n\t\t\t<div class=\"elementor-widget-wrap elementor-element-populated\">\n\t\t\t\t\t\t\t\t<div class=\"elementor-element elementor-element-8682904 elementor-widget elementor-widget-heading\" data-id=\"8682904\" data-element_type=\"widget\" data-widget_type=\"heading.default\">\n\t\t\t\t<div class=\"elementor-widget-container\">\n\t\t\t<h2 class=\"elementor-heading-title elementor-size-default\">Nuestro Equipo de Trabajo<\/h2>\t\t<\/div>\n\t\t\t\t<\/div>\n\t\t\t\t\t<\/div>\n\t\t<\/div>\n\t\t\t\t\t\t\t<\/div>\n\t\t<\/section>\n\t\t\t\t<section class=\"elementor-section elementor-top-section elementor-element elementor-element-3406a9d elementor-section-boxed elementor-section-height-default elementor-section-height-default\" data-id=\"3406a9d\" data-element_type=\"section\">\n\t\t\t\t\t\t<div class=\"elementor-container elementor-column-gap-default\">\n\t\t\t\t\t<div class=\"elementor-column elementor-col-33 elementor-top-column elementor-element elementor-element-d6ad714\" data-id=\"d6ad714\" data-element_type=\"column\">\n\t\t\t<div class=\"elementor-widget-wrap elementor-element-populated\">\n\t\t\t\t\t\t\t\t<div class=\"elementor-element elementor-element-fc52ad5 elementor-widget elementor-widget-image\" data-id=\"fc52ad5\" data-element_type=\"widget\" data-widget_type=\"image.default\">\n\t\t\t\t<div class=\"elementor-widget-container\">\n\t\t\t\t\t\t\t\t\t\t\t\t\t\t\t<img decoding=\"async\" src=\"https:\/\/www.oscl.cl\/dev\/wp-content\/uploads\/elementor\/thumbs\/aespina-q28xno1c2lh7s15ebj55t4p6fkab92gfxw7uqa8nr8.png\" title=\"\" alt=\"\" \/>\t\t\t\t\t\t\t\t\t\t\t\t\t\t\t<\/div>\n\t\t\t\t<\/div>\n\t\t\t\t<div class=\"elementor-element elementor-element-a5dfc14 elementor-widget elementor-widget-text-editor\" data-id=\"a5dfc14\" data-element_type=\"widget\" data-widget_type=\"text-editor.default\">\n\t\t\t\t<div class=\"elementor-widget-container\">\n\t\t\t\t\t\t\t<p style=\"text-align: center;\"><strong>Alexandra Espina G.<\/strong><br \/>Gerente General<br \/><a href=\"mailto:contabilidad@oscl.cl\">aespina@oscl.cl<\/a><\/p><p style=\"text-align: center;\">\u00a0<\/p>\t\t\t\t\t\t<\/div>\n\t\t\t\t<\/div>\n\t\t\t\t\t<\/div>\n\t\t<\/div>\n\t\t\t\t<div class=\"elementor-column elementor-col-33 elementor-top-column elementor-element elementor-element-c1f0804\" data-id=\"c1f0804\" data-element_type=\"column\">\n\t\t\t<div class=\"elementor-widget-wrap elementor-element-populated\">\n\t\t\t\t\t\t\t\t<div class=\"elementor-element elementor-element-93b71d0 elementor-widget elementor-widget-image\" data-id=\"93b71d0\" data-element_type=\"widget\" data-widget_type=\"image.default\">\n\t\t\t\t<div class=\"elementor-widget-container\">\n\t\t\t\t\t\t\t\t\t\t\t\t\t\t\t<img decoding=\"async\" src=\"https:\/\/www.oscl.cl\/dev\/wp-content\/uploads\/elementor\/thumbs\/jcastillo-q28xnpx0g9jsf92o0jyey483mc11ognwm5itou5ves.png\" title=\"\" alt=\"\" \/>\t\t\t\t\t\t\t\t\t\t\t\t\t\t\t<\/div>\n\t\t\t\t<\/div>\n\t\t\t\t<div class=\"elementor-element elementor-element-9b66afa elementor-widget elementor-widget-text-editor\" data-id=\"9b66afa\" data-element_type=\"widget\" data-widget_type=\"text-editor.default\">\n\t\t\t\t<div class=\"elementor-widget-container\">\n\t\t\t\t\t\t\t<p style=\"text-align: center;\"><strong>Jorge Castillo J.<\/strong><br \/>Gerente de Administraci\u00f3n y Finanzas<br \/><a href=\"mailto:jcastillo@oscl.cl\">jcastillo@oscl.cl<\/a><\/p>\t\t\t\t\t\t<\/div>\n\t\t\t\t<\/div>\n\t\t\t\t\t<\/div>\n\t\t<\/div>\n\t\t\t\t<div class=\"elementor-column elementor-col-33 elementor-top-column elementor-element elementor-element-db65a39\" data-id=\"db65a39\" data-element_type=\"column\">\n\t\t\t<div class=\"elementor-widget-wrap elementor-element-populated\">\n\t\t\t\t\t\t\t\t<div class=\"elementor-element elementor-element-3b7941d elementor-widget elementor-widget-image\" data-id=\"3b7941d\" data-element_type=\"widget\" data-widget_type=\"image.default\">\n\t\t\t\t<div class=\"elementor-widget-container\">\n\t\t\t\t\t\t\t\t\t\t\t\t\t\t\t<img decoding=\"async\" src=\"https:\/\/www.oscl.cl\/dev\/wp-content\/uploads\/elementor\/thumbs\/Imagen3-qj9z239i6lx98jv1jugle7yb8qoqia4fzzckenic04.jpg\" title=\"Imagen3\" alt=\"Imagen3\" \/>\t\t\t\t\t\t\t\t\t\t\t\t\t\t\t<\/div>\n\t\t\t\t<\/div>\n\t\t\t\t<div class=\"elementor-element elementor-element-081388a elementor-widget elementor-widget-text-editor\" data-id=\"081388a\" data-element_type=\"widget\" data-widget_type=\"text-editor.default\">\n\t\t\t\t<div class=\"elementor-widget-container\">\n\t\t\t\t\t\t\t<p style=\"text-align: center;\"><strong>Midlred Rodriguez C.<\/strong><br \/>Jefa de Capacitaci\u00f3n<br \/><a href=\"mailto:cmunoz@oscl.cl\">mrodriguez@oscl.cl<\/a><\/p>\t\t\t\t\t\t<\/div>\n\t\t\t\t<\/div>\n\t\t\t\t\t<\/div>\n\t\t<\/div>\n\t\t\t\t\t\t\t<\/div>\n\t\t<\/section>\n\t\t\t\t<section class=\"elementor-section elementor-top-section elementor-element elementor-element-c94aa68 elementor-section-boxed elementor-section-height-default elementor-section-height-default\" data-id=\"c94aa68\" data-element_type=\"section\">\n\t\t\t\t\t\t<div class=\"elementor-container elementor-column-gap-default\">\n\t\t\t\t\t<div class=\"elementor-column elementor-col-33 elementor-top-column elementor-element elementor-element-240e290\" data-id=\"240e290\" data-element_type=\"column\">\n\t\t\t<div class=\"elementor-widget-wrap elementor-element-populated\">\n\t\t\t\t\t\t\t\t<div class=\"elementor-element elementor-element-4ab0a0d elementor-widget elementor-widget-image\" data-id=\"4ab0a0d\" data-element_type=\"widget\" data-widget_type=\"image.default\">\n\t\t\t\t<div class=\"elementor-widget-container\">\n\t\t\t\t\t\t\t\t\t\t\t\t\t\t\t<img decoding=\"async\" src=\"https:\/\/www.oscl.cl\/dev\/wp-content\/uploads\/elementor\/thumbs\/Imagen-1-r6ch4oq0bnd8g7m9u61kgfzk5o6gmwzc1t7qifelok.jpg\" title=\"Imagen 1\" alt=\"Imagen 1\" \/>\t\t\t\t\t\t\t\t\t\t\t\t\t\t\t<\/div>\n\t\t\t\t<\/div>\n\t\t\t\t<div class=\"elementor-element elementor-element-f85ad4c elementor-widget elementor-widget-text-editor\" data-id=\"f85ad4c\" data-element_type=\"widget\" data-widget_type=\"text-editor.default\">\n\t\t\t\t<div class=\"elementor-widget-container\">\n\t\t\t\t\t\t\t<p style=\"text-align: center;\"><strong>Jos\u00e9 Garrido F.<\/strong><br \/>Jefe de Log\u00edstica<br \/><a href=\"mailto:cmunoz@oscl.cl\">jgarrido@oscl.cl<\/a><\/p>\t\t\t\t\t\t<\/div>\n\t\t\t\t<\/div>\n\t\t\t\t\t<\/div>\n\t\t<\/div>\n\t\t\t\t<div class=\"elementor-column elementor-col-33 elementor-top-column elementor-element elementor-element-a7f6c4a\" data-id=\"a7f6c4a\" data-element_type=\"column\">\n\t\t\t<div class=\"elementor-widget-wrap elementor-element-populated\">\n\t\t\t\t\t\t\t\t<div class=\"elementor-element elementor-element-18203b8 elementor-widget elementor-widget-image\" data-id=\"18203b8\" data-element_type=\"widget\" data-widget_type=\"image.default\">\n\t\t\t\t<div class=\"elementor-widget-container\">\n\t\t\t\t\t\t\t\t\t\t\t\t\t\t\t<img decoding=\"async\" src=\"https:\/\/www.oscl.cl\/dev\/wp-content\/uploads\/elementor\/thumbs\/cmardones-1-q28xno1c2lh7s15ebj55t4p6fkab92gfxw7uqa8nr8.png\" title=\"\" alt=\"\" \/>\t\t\t\t\t\t\t\t\t\t\t\t\t\t\t<\/div>\n\t\t\t\t<\/div>\n\t\t\t\t<div class=\"elementor-element elementor-element-e57e4c2 elementor-widget elementor-widget-text-editor\" data-id=\"e57e4c2\" data-element_type=\"widget\" data-widget_type=\"text-editor.default\">\n\t\t\t\t<div class=\"elementor-widget-container\">\n\t\t\t\t\t\t\t<p style=\"text-align: center;\"><strong>Cristian Mardones U.<\/strong><br \/>Asesor Legal<br \/><a href=\"mailto:cmardones@oscl.cl\">cmardones@oscl.cl<\/a><\/p>\t\t\t\t\t\t<\/div>\n\t\t\t\t<\/div>\n\t\t\t\t\t<\/div>\n\t\t<\/div>\n\t\t\t\t<div class=\"elementor-column elementor-col-33 elementor-top-column elementor-element elementor-element-7a1a7e7\" data-id=\"7a1a7e7\" data-element_type=\"column\">\n\t\t\t<div class=\"elementor-widget-wrap elementor-element-populated\">\n\t\t\t\t\t\t\t\t<div class=\"elementor-element elementor-element-4e0f2d1 elementor-widget elementor-widget-image\" data-id=\"4e0f2d1\" data-element_type=\"widget\" data-widget_type=\"image.default\">\n\t\t\t\t<div class=\"elementor-widget-container\">\n\t\t\t\t\t\t\t\t\t\t\t\t\t\t\t<img decoding=\"async\" src=\"https:\/\/www.oscl.cl\/dev\/wp-content\/uploads\/elementor\/thumbs\/Imagen-1-4-q28xnsqiykpwvo5izjxltuy2ep772ulzpz2p4ji2qw.jpg\" title=\"Imagen 1\" alt=\"Imagen 1\" \/>\t\t\t\t\t\t\t\t\t\t\t\t\t\t\t<\/div>\n\t\t\t\t<\/div>\n\t\t\t\t<div class=\"elementor-element elementor-element-1be5dc5 elementor-widget elementor-widget-text-editor\" data-id=\"1be5dc5\" data-element_type=\"widget\" data-widget_type=\"text-editor.default\">\n\t\t\t\t<div class=\"elementor-widget-container\">\n\t\t\t\t\t\t\t<p style=\"text-align: center;\"><strong>John Schawcroft G.<br \/><\/strong>Asesor de Seguridad Privada<\/p>\t\t\t\t\t\t<\/div>\n\t\t\t\t<\/div>\n\t\t\t\t\t<\/div>\n\t\t<\/div>\n\t\t\t\t\t\t\t<\/div>\n\t\t<\/section>\n\t\t\t\t<section class=\"elementor-section elementor-top-section elementor-element elementor-element-5acff9d elementor-section-boxed elementor-section-height-default elementor-section-height-default\" data-id=\"5acff9d\" data-element_type=\"section\">\n\t\t\t\t\t\t<div class=\"elementor-container elementor-column-gap-default\">\n\t\t\t\t\t<div class=\"elementor-column elementor-col-33 elementor-top-column elementor-element elementor-element-68d818f\" data-id=\"68d818f\" data-element_type=\"column\">\n\t\t\t<div class=\"elementor-widget-wrap elementor-element-populated\">\n\t\t\t\t\t\t\t\t<div class=\"elementor-element elementor-element-c9e3af5 elementor-widget elementor-widget-image\" data-id=\"c9e3af5\" data-element_type=\"widget\" data-widget_type=\"image.default\">\n\t\t\t\t<div class=\"elementor-widget-container\">\n\t\t\t\t\t\t\t\t\t\t\t\t\t\t\t<img decoding=\"async\" src=\"https:\/\/www.oscl.cl\/dev\/wp-content\/uploads\/elementor\/thumbs\/jmiranda-q28xno1c2lh7s15ebj55t4p6fkab92gfxw7uqa8nr8.png\" title=\"\" alt=\"\" \/>\t\t\t\t\t\t\t\t\t\t\t\t\t\t\t<\/div>\n\t\t\t\t<\/div>\n\t\t\t\t<div class=\"elementor-element elementor-element-6edb00e elementor-widget elementor-widget-text-editor\" data-id=\"6edb00e\" data-element_type=\"widget\" data-widget_type=\"text-editor.default\">\n\t\t\t\t<div class=\"elementor-widget-container\">\n\t\t\t\t\t\t\t<p style=\"text-align: center;\"><strong style=\"font-family: Roboto, sans-serif; font-size: 16px; color: var( --e-global-color-text );\">Jorge Miranda F.<br \/><\/strong><span style=\"font-family: Roboto, sans-serif; font-size: 16px; color: var( --e-global-color-text );\">Asesor Manejo de\u00a0<br \/><\/span>Sustancias Peligrosas<\/p>\t\t\t\t\t\t<\/div>\n\t\t\t\t<\/div>\n\t\t\t\t\t<\/div>\n\t\t<\/div>\n\t\t\t\t<div class=\"elementor-column elementor-col-33 elementor-top-column elementor-element elementor-element-7fd458c\" data-id=\"7fd458c\" data-element_type=\"column\">\n\t\t\t<div class=\"elementor-widget-wrap elementor-element-populated\">\n\t\t\t\t\t\t\t\t<div class=\"elementor-element elementor-element-ad3e8df elementor-widget elementor-widget-image\" data-id=\"ad3e8df\" data-element_type=\"widget\" data-widget_type=\"image.default\">\n\t\t\t\t<div class=\"elementor-widget-container\">\n\t\t\t\t\t\t\t\t\t\t\t\t\t\t\t<img decoding=\"async\" src=\"https:\/\/www.oscl.cl\/dev\/wp-content\/uploads\/elementor\/thumbs\/pzamora-1-q28xnoz69fii3n4161jsdmgn0y5ogrk6a0vc7k79l0.png\" title=\"\" alt=\"\" \/>\t\t\t\t\t\t\t\t\t\t\t\t\t\t\t<\/div>\n\t\t\t\t<\/div>\n\t\t\t\t<div class=\"elementor-element elementor-element-4954983 elementor-widget elementor-widget-text-editor\" data-id=\"4954983\" data-element_type=\"widget\" data-widget_type=\"text-editor.default\">\n\t\t\t\t<div class=\"elementor-widget-container\">\n\t\t\t\t\t\t\t<p style=\"text-align: center;\"><strong>Pablo Zamora V.<br \/><\/strong>Asesor Habilidades Blandas<\/p>\t\t\t\t\t\t<\/div>\n\t\t\t\t<\/div>\n\t\t\t\t\t<\/div>\n\t\t<\/div>\n\t\t\t\t<div class=\"elementor-column elementor-col-33 elementor-top-column elementor-element elementor-element-1dc6453\" data-id=\"1dc6453\" data-element_type=\"column\">\n\t\t\t<div class=\"elementor-widget-wrap elementor-element-populated\">\n\t\t\t\t\t\t\t\t<div class=\"elementor-element elementor-element-e548dd8 elementor-widget elementor-widget-image\" data-id=\"e548dd8\" data-element_type=\"widget\" data-widget_type=\"image.default\">\n\t\t\t\t<div class=\"elementor-widget-container\">\n\t\t\t\t\t\t\t\t\t\t\t\t\t\t\t<img loading=\"lazy\" decoding=\"async\" width=\"239\" height=\"236\" src=\"https:\/\/www.oscl.cl\/dev\/wp-content\/uploads\/2022\/08\/Imagen-1.png\" class=\"attachment-1536x1536 size-1536x1536\" alt=\"\" \/>\t\t\t\t\t\t\t\t\t\t\t\t\t\t\t<\/div>\n\t\t\t\t<\/div>\n\t\t\t\t<div class=\"elementor-element elementor-element-61198fe elementor-widget elementor-widget-text-editor\" data-id=\"61198fe\" data-element_type=\"widget\" data-widget_type=\"text-editor.default\">\n\t\t\t\t<div class=\"elementor-widget-container\">\n\t\t\t\t\t\t\t<p style=\"text-align: center;\"><strong>Luis Cano R.<\/strong><br \/>Instructor Brigada de Incendios\/Emergencias<\/p>\t\t\t\t\t\t<\/div>\n\t\t\t\t<\/div>\n\t\t\t\t\t<\/div>\n\t\t<\/div>\n\t\t\t\t\t\t\t<\/div>\n\t\t<\/section>\n\t\t\t\t\t\t<\/div>\n\t\t\t\t\t<\/div>\n\t\t","protected":false},"excerpt":{"rendered":"<p>Nuestro Equipo de Trabajo Alexandra Espina G.Gerente Generalaespina@oscl.cl \u00a0 Jorge Castillo J.Gerente de Administraci\u00f3n y Finanzasjcastillo@oscl.cl Midlred Rodriguez C.Jefa de Capacitaci\u00f3nmrodriguez@oscl.cl Jos\u00e9 Garrido F.Jefe de Log\u00edsticajgarrido@oscl.cl Cristian Mardones U.Asesor Legalcmardones@oscl.cl John Schawcroft G.Asesor de Seguridad Privada Jorge Miranda F.Asesor Manejo<\/p>\n","protected":false},"author":1,"featured_media":0,"parent":0,"menu_order":0,"comment_status":"closed","ping_status":"closed","template":"","meta":{"_joinchat":[],"footnotes":""},"class_list":["post-428","page","type-page","status-publish","hentry"],"_links":{"self":[{"href":"https:\/\/www.oscl.cl\/dev\/index.php?rest_route=\/wp\/v2\/pages\/428","targetHints":{"allow":["GET"]}}],"collection":[{"href":"https:\/\/www.oscl.cl\/dev\/index.php?rest_route=\/wp\/v2\/pages"}],"about":[{"href":"https:\/\/www.oscl.cl\/dev\/index.php?rest_route=\/wp\/v2\/types\/page"}],"author":[{"embeddable":true,"href":"https:\/\/www.oscl.cl\/dev\/index.php?rest_route=\/wp\/v2\/users\/1"}],"replies":[{"embeddable":true,"href":"https:\/\/www.oscl.cl\/dev\/index.php?rest_route=%2Fwp%2Fv2%2Fcomments&post=428"}],"version-history":[{"count":225,"href":"https:\/\/www.oscl.cl\/dev\/index.php?rest_route=\/wp\/v2\/pages\/428\/revisions"}],"predecessor-version":[{"id":5768,"href":"https:\/\/www.oscl.cl\/dev\/index.php?rest_route=\/wp\/v2\/pages\/428\/revisions\/5768"}],"wp:attachment":[{"href":"https:\/\/www.oscl.cl\/dev\/index.php?rest_route=%2Fwp%2Fv2%2Fmedia&parent=428"}],"curies":[{"name":"wp","href":"https:\/\/api.w.org\/{rel}","templated":true}]}}