{"id":303,"date":"2021-07-02T03:23:57","date_gmt":"2021-07-02T03:23:57","guid":{"rendered":"https:\/\/oscl.cl\/dev\/?page_id=303"},"modified":"2021-07-08T12:57:56","modified_gmt":"2021-07-08T12:57:56","slug":"servicios","status":"publish","type":"page","link":"https:\/\/www.oscl.cl\/dev\/?page_id=303","title":{"rendered":"Servicios"},"content":{"rendered":"\t\t<div data-elementor-type=\"wp-page\" data-elementor-id=\"303\" class=\"elementor elementor-303\" data-elementor-settings=\"[]\">\n\t\t\t\t\t\t\t<div class=\"elementor-section-wrap\">\n\t\t\t\t\t\t\t<section class=\"elementor-section elementor-top-section elementor-element elementor-element-e335aa1 elementor-section-boxed elementor-section-height-default elementor-section-height-default\" data-id=\"e335aa1\" data-element_type=\"section\">\n\t\t\t\t\t\t<div class=\"elementor-container elementor-column-gap-default\">\n\t\t\t\t\t<div class=\"elementor-column elementor-col-50 elementor-top-column elementor-element elementor-element-9e5d778\" data-id=\"9e5d778\" data-element_type=\"column\">\n\t\t\t<div class=\"elementor-widget-wrap elementor-element-populated\">\n\t\t\t\t\t\t\t\t<div class=\"elementor-element elementor-element-01a7c25 elementor-widget elementor-widget-heading\" data-id=\"01a7c25\" data-element_type=\"widget\" data-widget_type=\"heading.default\">\n\t\t\t\t<div class=\"elementor-widget-container\">\n\t\t\t<h3 class=\"elementor-heading-title elementor-size-default\">Protocolo Teletrabajo (Ley 21.220)<\/h3>\t\t<\/div>\n\t\t\t\t<\/div>\n\t\t\t\t<div class=\"elementor-element elementor-element-3e2e943 elementor-widget elementor-widget-image\" data-id=\"3e2e943\" data-element_type=\"widget\" data-widget_type=\"image.default\">\n\t\t\t\t<div class=\"elementor-widget-container\">\n\t\t\t\t\t\t\t\t\t\t\t\t\t\t\t<img loading=\"lazy\" decoding=\"async\" width=\"720\" height=\"404\" src=\"https:\/\/www.oscl.cl\/dev\/wp-content\/uploads\/2021\/07\/teletrabajo-1024x575.png\" class=\"attachment-large size-large\" alt=\"\" srcset=\"https:\/\/www.oscl.cl\/dev\/wp-content\/uploads\/2021\/07\/teletrabajo-1024x575.png 1024w, https:\/\/www.oscl.cl\/dev\/wp-content\/uploads\/2021\/07\/teletrabajo-300x169.png 300w, https:\/\/www.oscl.cl\/dev\/wp-content\/uploads\/2021\/07\/teletrabajo-768x432.png 768w, https:\/\/www.oscl.cl\/dev\/wp-content\/uploads\/2021\/07\/teletrabajo.png 1536w\" sizes=\"auto, (max-width: 720px) 100vw, 720px\" \/>\t\t\t\t\t\t\t\t\t\t\t\t\t\t\t<\/div>\n\t\t\t\t<\/div>\n\t\t\t\t\t<\/div>\n\t\t<\/div>\n\t\t\t\t<div class=\"elementor-column elementor-col-50 elementor-top-column elementor-element elementor-element-ed69d92\" data-id=\"ed69d92\" data-element_type=\"column\">\n\t\t\t<div class=\"elementor-widget-wrap elementor-element-populated\">\n\t\t\t\t\t\t\t\t<div class=\"elementor-element elementor-element-82ebdf4 elementor-widget elementor-widget-text-editor\" data-id=\"82ebdf4\" data-element_type=\"widget\" data-widget_type=\"text-editor.default\">\n\t\t\t\t<div class=\"elementor-widget-container\">\n\t\t\t\t\t\t\t<p><span lang=\"ES-CL\">El 01 de abril entr\u00f3 en vigencia la Ley 21.220, que modifica el c\u00f3digo del trabajo y regula el teletrabajo y trabajo a distancia. En este marco, se establecen las condiciones espec\u00edficas de seguridad y salud en el trabajo aplicables a estas modalidades (Decreto N\u00b0 18 2020 del Ministerio del Trabajo y Previsi\u00f3n Social).<\/span><\/p><p><span lang=\"ES-CL\">Por su parte, la Superintendencia de Seguridad Social ha impartido instrucciones a los organismos administrados para apoyar a las empresas en la implementaci\u00f3n de la normativa asociada (Circular N\u00b0 3532 y Oficio N\u00b0 3049).<\/span><\/p><p><span lang=\"ES-CL\">En\u00a0<strong>OSCL<\/strong>\u00a0somos especialistas en la implementaci\u00f3n, gesti\u00f3n y seguimiento del Plan de acci\u00f3n para la Seguridad y la Salud de los trabajadores que se encuentra en modalidad Teletrabajo.<\/span><\/p>\t\t\t\t\t\t<\/div>\n\t\t\t\t<\/div>\n\t\t\t\t\t<\/div>\n\t\t<\/div>\n\t\t\t\t\t\t\t<\/div>\n\t\t<\/section>\n\t\t\t\t<section class=\"elementor-section elementor-top-section elementor-element elementor-element-db31927 elementor-section-boxed elementor-section-height-default elementor-section-height-default\" data-id=\"db31927\" data-element_type=\"section\">\n\t\t\t\t\t\t<div class=\"elementor-container elementor-column-gap-default\">\n\t\t\t\t\t<div class=\"elementor-column elementor-col-50 elementor-top-column elementor-element elementor-element-5d86276\" data-id=\"5d86276\" data-element_type=\"column\">\n\t\t\t<div class=\"elementor-widget-wrap elementor-element-populated\">\n\t\t\t\t\t\t\t\t<div class=\"elementor-element elementor-element-c76b9b6 elementor-aspect-ratio-169 elementor-widget elementor-widget-video\" data-id=\"c76b9b6\" data-element_type=\"widget\" data-settings=\"{&quot;youtube_url&quot;:&quot;https:\\\/\\\/www.youtube.com\\\/watch?v=tJTXpQHdu58&quot;,&quot;video_type&quot;:&quot;youtube&quot;,&quot;controls&quot;:&quot;yes&quot;,&quot;aspect_ratio&quot;:&quot;169&quot;}\" data-widget_type=\"video.default\">\n\t\t\t\t<div class=\"elementor-widget-container\">\n\t\t\t\t\t<div class=\"elementor-wrapper elementor-fit-aspect-ratio elementor-open-inline\">\n\t\t\t<div class=\"elementor-video\"><\/div>\t\t<\/div>\n\t\t\t\t<\/div>\n\t\t\t\t<\/div>\n\t\t\t\t\t<\/div>\n\t\t<\/div>\n\t\t\t\t<div class=\"elementor-column elementor-col-50 elementor-top-column elementor-element elementor-element-2fe90b5\" data-id=\"2fe90b5\" data-element_type=\"column\">\n\t\t\t<div class=\"elementor-widget-wrap elementor-element-populated\">\n\t\t\t\t\t\t\t\t<div class=\"elementor-element elementor-element-662c2e1 elementor-widget elementor-widget-heading\" data-id=\"662c2e1\" data-element_type=\"widget\" data-widget_type=\"heading.default\">\n\t\t\t\t<div class=\"elementor-widget-container\">\n\t\t\t<h3 class=\"elementor-heading-title elementor-size-default\">Curso \u201cReanimaci\u00f3n Cardio Pulmonar B\u00e1sica y Uso de Desfibrilador en caso de emergencia\u201d. (Ley N\u00b021.156)<\/h3>\t\t<\/div>\n\t\t\t\t<\/div>\n\t\t\t\t<div class=\"elementor-element elementor-element-cbbe364 elementor-widget elementor-widget-text-editor\" data-id=\"cbbe364\" data-element_type=\"widget\" data-widget_type=\"text-editor.default\">\n\t\t\t\t<div class=\"elementor-widget-container\">\n\t\t\t\t\t\t\t<p><b>Ley 21.156<br \/>Instituci\u00f3n:\u00a0<\/b>Ministerio de Salud<br \/><b>Fecha de Promulgaci\u00f3n: <\/b>2 Mayo 2019 <br \/><b>Fecha de Publicaci\u00f3n:\u00a0<\/b>20 Mayo 2019<\/p><p><b>Materia:\u00a0<\/b>Establece la obligaci\u00f3n de disponer de Desfibriladores Externos Autom\u00e1ticos (DEA) port\u00e1tiles en los establecimientos y recintos que indica.<\/p>\t\t\t\t\t\t<\/div>\n\t\t\t\t<\/div>\n\t\t\t\t\t<\/div>\n\t\t<\/div>\n\t\t\t\t\t\t\t<\/div>\n\t\t<\/section>\n\t\t\t\t<section class=\"elementor-section elementor-top-section elementor-element elementor-element-08e9a74 elementor-section-boxed elementor-section-height-default elementor-section-height-default\" data-id=\"08e9a74\" data-element_type=\"section\">\n\t\t\t\t\t\t<div class=\"elementor-container elementor-column-gap-default\">\n\t\t\t\t\t<div class=\"elementor-column elementor-col-33 elementor-top-column elementor-element elementor-element-daa06ab\" data-id=\"daa06ab\" data-element_type=\"column\">\n\t\t\t<div class=\"elementor-widget-wrap elementor-element-populated\">\n\t\t\t\t\t\t\t\t<div class=\"elementor-element elementor-element-4493b9a elementor-widget elementor-widget-heading\" data-id=\"4493b9a\" data-element_type=\"widget\" data-widget_type=\"heading.default\">\n\t\t\t\t<div class=\"elementor-widget-container\">\n\t\t\t<h3 class=\"elementor-heading-title elementor-size-default\">Asesoria Integral en Armas de Fuego<\/h3>\t\t<\/div>\n\t\t\t\t<\/div>\n\t\t\t\t<div class=\"elementor-element elementor-element-27a76dd elementor-widget elementor-widget-image\" data-id=\"27a76dd\" data-element_type=\"widget\" data-widget_type=\"image.default\">\n\t\t\t\t<div class=\"elementor-widget-container\">\n\t\t\t\t\t\t\t\t\t\t\t\t\t\t\t<img loading=\"lazy\" decoding=\"async\" width=\"720\" height=\"405\" src=\"https:\/\/www.oscl.cl\/dev\/wp-content\/uploads\/2021\/07\/Servicios-Armas-scaled.jpg\" class=\"attachment-large size-large\" alt=\"\" srcset=\"https:\/\/www.oscl.cl\/dev\/wp-content\/uploads\/2021\/07\/Servicios-Armas-scaled.jpg 2560w, https:\/\/www.oscl.cl\/dev\/wp-content\/uploads\/2021\/07\/Servicios-Armas-300x169.jpg 300w\" sizes=\"auto, (max-width: 720px) 100vw, 720px\" \/>\t\t\t\t\t\t\t\t\t\t\t\t\t\t\t<\/div>\n\t\t\t\t<\/div>\n\t\t\t\t<div class=\"elementor-element elementor-element-f607a6d elementor-widget elementor-widget-text-editor\" data-id=\"f607a6d\" data-element_type=\"widget\" data-widget_type=\"text-editor.default\">\n\t\t\t\t<div class=\"elementor-widget-container\">\n\t\t\t\t\t\t\t<p>Nuestra empresa es capaz de dar directrices claras y precisas en la compra de todo tipo de armamento y sus accesorios, contamos con una vasta experiencia en el \u00e1mbito civil,\u00a0 desde defensa como actividades deportivas, adem\u00e1s del \u00e1mbito policial y militar.<\/p><p>Contamos con expertos para tasar cualquier arma de fuego, nueva o de colecci\u00f3n.<\/p><p>Tambi\u00e9n podemos indicar a ciencia cierta pasos para una \u00f3ptima, restauraci\u00f3n, mejoramiento y repotenciar armamento.<\/p>\t\t\t\t\t\t<\/div>\n\t\t\t\t<\/div>\n\t\t\t\t\t<\/div>\n\t\t<\/div>\n\t\t\t\t<div class=\"elementor-column elementor-col-33 elementor-top-column elementor-element elementor-element-9552628\" data-id=\"9552628\" data-element_type=\"column\">\n\t\t\t<div class=\"elementor-widget-wrap elementor-element-populated\">\n\t\t\t\t\t\t\t\t<div class=\"elementor-element elementor-element-890c1f1 elementor-widget elementor-widget-heading\" data-id=\"890c1f1\" data-element_type=\"widget\" data-widget_type=\"heading.default\">\n\t\t\t\t<div class=\"elementor-widget-container\">\n\t\t\t<h3 class=\"elementor-heading-title elementor-size-default\">Capacitaciones realizadas por profesionales<\/h3>\t\t<\/div>\n\t\t\t\t<\/div>\n\t\t\t\t<div class=\"elementor-element elementor-element-2b98679 elementor-widget elementor-widget-image\" data-id=\"2b98679\" data-element_type=\"widget\" data-widget_type=\"image.default\">\n\t\t\t\t<div class=\"elementor-widget-container\">\n\t\t\t\t\t\t\t\t\t\t\t\t\t\t\t<img loading=\"lazy\" decoding=\"async\" width=\"300\" height=\"250\" src=\"https:\/\/www.oscl.cl\/dev\/wp-content\/uploads\/2021\/07\/capacitacion.jpeg\" class=\"attachment-large size-large\" alt=\"\" \/>\t\t\t\t\t\t\t\t\t\t\t\t\t\t\t<\/div>\n\t\t\t\t<\/div>\n\t\t\t\t<div class=\"elementor-element elementor-element-0b1c92d elementor-widget elementor-widget-text-editor\" data-id=\"0b1c92d\" data-element_type=\"widget\" data-widget_type=\"text-editor.default\">\n\t\t\t\t<div class=\"elementor-widget-container\">\n\t\t\t\t\t\t\t<p>OTEC Masterprev Limitada es una empresa One Security, posee las licencias y certificaciones pertinentes para entregar a su empresa la capacitaci\u00f3n requerida y a su medida.<\/p><p>Sabemos que el tiempo es un valor para la empresa, por ello dise\u00f1amos la capacitaci\u00f3n en ese contexto, con la flexibilidad que usted requiere.<\/p>\t\t\t\t\t\t<\/div>\n\t\t\t\t<\/div>\n\t\t\t\t\t<\/div>\n\t\t<\/div>\n\t\t\t\t<div class=\"elementor-column elementor-col-33 elementor-top-column elementor-element elementor-element-d36db93\" data-id=\"d36db93\" data-element_type=\"column\">\n\t\t\t<div class=\"elementor-widget-wrap elementor-element-populated\">\n\t\t\t\t\t\t\t\t<div class=\"elementor-element elementor-element-d1a7f83 elementor-widget elementor-widget-heading\" data-id=\"d1a7f83\" data-element_type=\"widget\" data-widget_type=\"heading.default\">\n\t\t\t\t<div class=\"elementor-widget-container\">\n\t\t\t<h3 class=\"elementor-heading-title elementor-size-default\">Sanitizaci\u00f3n, Mantenci\u00f3n y Aseo Industrial<\/h3>\t\t<\/div>\n\t\t\t\t<\/div>\n\t\t\t\t<div class=\"elementor-element elementor-element-452d369 elementor-widget elementor-widget-image\" data-id=\"452d369\" data-element_type=\"widget\" data-widget_type=\"image.default\">\n\t\t\t\t<div class=\"elementor-widget-container\">\n\t\t\t\t\t\t\t\t\t\t\t\t\t\t\t<img loading=\"lazy\" decoding=\"async\" width=\"300\" height=\"250\" src=\"https:\/\/www.oscl.cl\/dev\/wp-content\/uploads\/2021\/07\/sanitizacion.jpeg\" class=\"attachment-large size-large\" alt=\"\" \/>\t\t\t\t\t\t\t\t\t\t\t\t\t\t\t<\/div>\n\t\t\t\t<\/div>\n\t\t\t\t<div class=\"elementor-element elementor-element-c0878a0 elementor-widget elementor-widget-text-editor\" data-id=\"c0878a0\" data-element_type=\"widget\" data-widget_type=\"text-editor.default\">\n\t\t\t\t<div class=\"elementor-widget-container\">\n\t\t\t\t\t\t\t<p>A trav\u00e9s del \u00e1rea de Servicios con \u00e9xito incursionamos en la venta de suministros para la industria y construcci\u00f3n, mantenci\u00f3n de calderas, sistemas de aire acondicionado y gas. Servicios de Aseo Industrial y\u00a0<strong>Sanitizaci\u00f3n COVID 19<\/strong><\/p>\t\t\t\t\t\t<\/div>\n\t\t\t\t<\/div>\n\t\t\t\t\t<\/div>\n\t\t<\/div>\n\t\t\t\t\t\t\t<\/div>\n\t\t<\/section>\n\t\t\t\t<section class=\"elementor-section elementor-top-section elementor-element elementor-element-fda31a5 elementor-section-boxed elementor-section-height-default elementor-section-height-default\" data-id=\"fda31a5\" data-element_type=\"section\">\n\t\t\t\t\t\t<div class=\"elementor-container elementor-column-gap-default\">\n\t\t\t\t\t<div class=\"elementor-column elementor-col-50 elementor-top-column elementor-element elementor-element-48dc126\" data-id=\"48dc126\" data-element_type=\"column\">\n\t\t\t<div class=\"elementor-widget-wrap elementor-element-populated\">\n\t\t\t\t\t\t\t\t<div class=\"elementor-element elementor-element-840cea2 elementor-widget elementor-widget-heading\" data-id=\"840cea2\" data-element_type=\"widget\" data-widget_type=\"heading.default\">\n\t\t\t\t<div class=\"elementor-widget-container\">\n\t\t\t<h3 class=\"elementor-heading-title elementor-size-default\">Software para la administraci\u00f3n de Sistemas de Gesti\u00f3n<\/h3>\t\t<\/div>\n\t\t\t\t<\/div>\n\t\t\t\t<div class=\"elementor-element elementor-element-d049bab elementor-widget elementor-widget-image\" data-id=\"d049bab\" data-element_type=\"widget\" data-widget_type=\"image.default\">\n\t\t\t\t<div class=\"elementor-widget-container\">\n\t\t\t\t\t\t\t\t\t\t\t\t\t\t\t<img loading=\"lazy\" decoding=\"async\" width=\"719\" height=\"556\" src=\"https:\/\/www.oscl.cl\/dev\/wp-content\/uploads\/2021\/07\/eqdz.png\" class=\"attachment-large size-large\" alt=\"\" srcset=\"https:\/\/www.oscl.cl\/dev\/wp-content\/uploads\/2021\/07\/eqdz.png 719w, https:\/\/www.oscl.cl\/dev\/wp-content\/uploads\/2021\/07\/eqdz-300x232.png 300w\" sizes=\"auto, (max-width: 719px) 100vw, 719px\" \/>\t\t\t\t\t\t\t\t\t\t\t\t\t\t\t<\/div>\n\t\t\t\t<\/div>\n\t\t\t\t\t<\/div>\n\t\t<\/div>\n\t\t\t\t<div class=\"elementor-column elementor-col-50 elementor-top-column elementor-element elementor-element-7db0a79\" data-id=\"7db0a79\" data-element_type=\"column\">\n\t\t\t<div class=\"elementor-widget-wrap elementor-element-populated\">\n\t\t\t\t\t\t\t\t<div class=\"elementor-element elementor-element-f922bd9 elementor-widget elementor-widget-text-editor\" data-id=\"f922bd9\" data-element_type=\"widget\" data-widget_type=\"text-editor.default\">\n\t\t\t\t<div class=\"elementor-widget-container\">\n\t\t\t\t\t\t\t<p>Es el software para la administraci\u00f3n electr\u00f3nica de los sistemas de gesti\u00f3n basados en las Normas ISO.\u00a0eQDZ\u00ae PRO es una herramienta integrada, pues contiene todos los m\u00f3dulos necesarios y brinda una interconexi\u00f3n total para su sistema de calidad. Si su empresa cuenta con certificaci\u00f3n en alguna norma, est\u00e1 en camino de conseguirla o est\u00e1 planeando hacerlo, eQDZ\u00aePRO es la soluci\u00f3n para la administraci\u00f3n automatizada de su sistema de gesti\u00f3n.<\/p>\t\t\t\t\t\t<\/div>\n\t\t\t\t<\/div>\n\t\t\t\t<div class=\"elementor-element elementor-element-495d1e1 elementor-widget elementor-widget-image\" data-id=\"495d1e1\" data-element_type=\"widget\" data-widget_type=\"image.default\">\n\t\t\t\t<div class=\"elementor-widget-container\">\n\t\t\t\t\t\t\t\t\t\t\t\t\t\t\t<img loading=\"lazy\" decoding=\"async\" width=\"300\" height=\"250\" src=\"https:\/\/www.oscl.cl\/dev\/wp-content\/uploads\/2021\/07\/eqdz2.jpeg\" class=\"attachment-large size-large\" alt=\"\" \/>\t\t\t\t\t\t\t\t\t\t\t\t\t\t\t<\/div>\n\t\t\t\t<\/div>\n\t\t\t\t\t<\/div>\n\t\t<\/div>\n\t\t\t\t\t\t\t<\/div>\n\t\t<\/section>\n\t\t\t\t\t\t<\/div>\n\t\t\t\t\t<\/div>\n\t\t","protected":false},"excerpt":{"rendered":"<p>Protocolo Teletrabajo (Ley 21.220) El 01 de abril entr\u00f3 en vigencia la Ley 21.220, que modifica el c\u00f3digo del trabajo y regula el teletrabajo y trabajo a distancia. En este marco, se establecen las condiciones espec\u00edficas de seguridad y salud<\/p>\n","protected":false},"author":1,"featured_media":0,"parent":0,"menu_order":0,"comment_status":"closed","ping_status":"closed","template":"","meta":{"_joinchat":[],"footnotes":""},"class_list":["post-303","page","type-page","status-publish","hentry"],"_links":{"self":[{"href":"https:\/\/www.oscl.cl\/dev\/index.php?rest_route=\/wp\/v2\/pages\/303","targetHints":{"allow":["GET"]}}],"collection":[{"href":"https:\/\/www.oscl.cl\/dev\/index.php?rest_route=\/wp\/v2\/pages"}],"about":[{"href":"https:\/\/www.oscl.cl\/dev\/index.php?rest_route=\/wp\/v2\/types\/page"}],"author":[{"embeddable":true,"href":"https:\/\/www.oscl.cl\/dev\/index.php?rest_route=\/wp\/v2\/users\/1"}],"replies":[{"embeddable":true,"href":"https:\/\/www.oscl.cl\/dev\/index.php?rest_route=%2Fwp%2Fv2%2Fcomments&post=303"}],"version-history":[{"count":109,"href":"https:\/\/www.oscl.cl\/dev\/index.php?rest_route=\/wp\/v2\/pages\/303\/revisions"}],"predecessor-version":[{"id":928,"href":"https:\/\/www.oscl.cl\/dev\/index.php?rest_route=\/wp\/v2\/pages\/303\/revisions\/928"}],"wp:attachment":[{"href":"https:\/\/www.oscl.cl\/dev\/index.php?rest_route=%2Fwp%2Fv2%2Fmedia&parent=303"}],"curies":[{"name":"wp","href":"https:\/\/api.w.org\/{rel}","templated":true}]}}