{"id":204,"date":"2021-07-02T02:12:29","date_gmt":"2021-07-02T02:12:29","guid":{"rendered":"https:\/\/oscl.cl\/dev\/?page_id=204"},"modified":"2026-01-13T01:56:57","modified_gmt":"2026-01-13T01:56:57","slug":"inicio","status":"publish","type":"page","link":"https:\/\/www.oscl.cl\/dev\/","title":{"rendered":"Inicio"},"content":{"rendered":"\t\t<div data-elementor-type=\"wp-page\" data-elementor-id=\"204\" class=\"elementor elementor-204\" data-elementor-settings=\"[]\">\n\t\t\t\t\t\t\t<div class=\"elementor-section-wrap\">\n\t\t\t\t\t\t\t<section class=\"elementor-section elementor-top-section elementor-element elementor-element-452bfa9 elementor-section-height-min-height elementor-section-boxed elementor-section-height-default elementor-section-items-middle\" data-id=\"452bfa9\" data-element_type=\"section\">\n\t\t\t\t\t\t<div class=\"elementor-container elementor-column-gap-default\">\n\t\t\t\t\t<div class=\"elementor-column elementor-col-100 elementor-top-column elementor-element elementor-element-662444d\" data-id=\"662444d\" data-element_type=\"column\">\n\t\t\t<div class=\"elementor-widget-wrap elementor-element-populated\">\n\t\t\t\t\t\t\t\t<div class=\"elementor-element elementor-element-7e0068b elementor-widget elementor-widget-image-carousel\" data-id=\"7e0068b\" data-element_type=\"widget\" data-settings=\"{&quot;slides_to_show&quot;:&quot;1&quot;,&quot;navigation&quot;:&quot;none&quot;,&quot;effect&quot;:&quot;fade&quot;,&quot;speed&quot;:200,&quot;autoplay&quot;:&quot;yes&quot;,&quot;pause_on_hover&quot;:&quot;yes&quot;,&quot;pause_on_interaction&quot;:&quot;yes&quot;,&quot;autoplay_speed&quot;:5000,&quot;infinite&quot;:&quot;yes&quot;}\" data-widget_type=\"image-carousel.default\">\n\t\t\t\t<div class=\"elementor-widget-container\">\n\t\t\t\t\t<div class=\"elementor-image-carousel-wrapper swiper-container\" dir=\"ltr\">\n\t\t\t<div class=\"elementor-image-carousel swiper-wrapper swiper-image-stretch\">\n\t\t\t\t\t\t\t\t<div class=\"swiper-slide\"><a data-elementor-open-lightbox=\"yes\" data-elementor-lightbox-slideshow=\"7e0068b\" data-elementor-lightbox-title=\"UNADJUSTEDNONRAW_thumb_36fg\" href=\"https:\/\/www.oscl.cl\/dev\/wp-content\/uploads\/2022\/05\/Masterprev-RRSS-Low-6mb-1.mp4\" rel=\"nofollow\"><figure class=\"swiper-slide-inner\"><img decoding=\"async\" class=\"swiper-slide-image\" src=\"https:\/\/www.oscl.cl\/dev\/wp-content\/uploads\/elementor\/thumbs\/UNADJUSTEDNONRAW_thumb_36fg-q28xnsqoi44rc4yxqto9if525acgx0jx46ndo6kbtc.jpg\" alt=\"UNADJUSTEDNONRAW_thumb_36fg\" \/><\/figure><\/a><\/div>\t\t\t<\/div>\n\t\t\t\t\t<\/div>\n\t\t\t\t<\/div>\n\t\t\t\t<\/div>\n\t\t\t\t\t<\/div>\n\t\t<\/div>\n\t\t\t\t\t\t\t<\/div>\n\t\t<\/section>\n\t\t\t\t<section class=\"elementor-section elementor-top-section elementor-element elementor-element-30219bd elementor-section-boxed elementor-section-height-default elementor-section-height-default\" data-id=\"30219bd\" data-element_type=\"section\">\n\t\t\t\t\t\t<div class=\"elementor-container elementor-column-gap-default\">\n\t\t\t\t\t<div class=\"elementor-column elementor-col-50 elementor-top-column elementor-element elementor-element-d6a5312\" data-id=\"d6a5312\" data-element_type=\"column\">\n\t\t\t<div class=\"elementor-widget-wrap elementor-element-populated\">\n\t\t\t\t\t\t\t\t<div class=\"elementor-element elementor-element-d16dd90 elementor-drop-cap-yes elementor-drop-cap-view-default elementor-widget elementor-widget-text-editor\" data-id=\"d16dd90\" data-element_type=\"widget\" data-settings=\"{&quot;drop_cap&quot;:&quot;yes&quot;}\" data-widget_type=\"text-editor.default\">\n\t\t\t\t<div class=\"elementor-widget-container\">\n\t\t\t\t\t\t\t<p><strong><span style=\"color: #000080;\">One Security Limitada\u00a0(OSCL),\u00a0<\/span><\/strong>nace el 3 de marzo de 2000 como una necesidad empresarial y profesional de sus integrantes y clientes.<\/p><p>En sus inicios con una configuraci\u00f3n que a la fecha ha evolucionado producto del crecimiento de la econom\u00eda y la globalizaci\u00f3n.<\/p><p>Hoy acu\u00f1amos el lema <strong><span style=\"color: #000080;\">\u00abNOS ENCARGAMOS DE TODO\u00bb\u00a0<\/span><\/strong>porque entendemos que eso es lo que nuestros clientes requieren.<\/p>\t\t\t\t\t\t<\/div>\n\t\t\t\t<\/div>\n\t\t\t\t\t<\/div>\n\t\t<\/div>\n\t\t\t\t<div class=\"elementor-column elementor-col-50 elementor-top-column elementor-element elementor-element-85ce9ec\" data-id=\"85ce9ec\" data-element_type=\"column\">\n\t\t\t<div class=\"elementor-widget-wrap elementor-element-populated\">\n\t\t\t\t\t\t\t\t<div class=\"elementor-element elementor-element-e597a76 elementor-widget elementor-widget-text-editor\" data-id=\"e597a76\" data-element_type=\"widget\" data-widget_type=\"text-editor.default\">\n\t\t\t\t<div class=\"elementor-widget-container\">\n\t\t\t\t\t\t\t<p><strong><span style=\"color: #000080;\">Misi\u00f3n<\/span>: <\/strong>Entregar servicios profesionales, suministros y el contexto suficiente\u00a0para que nuestros clientes den soluci\u00f3n a todas sus complejidades.<\/p><p><strong><span style=\"color: #000080;\">Visi\u00f3n<\/span>: <\/strong>Transformarse en socio estrat\u00e9gico cercano e innovador que sea capaz\u00a0de solucionar hasta el m\u00e1s m\u00ednimo problema de cada negocio, de cada proceso y de\u00a0cada organizaci\u00f3n.<\/p>\t\t\t\t\t\t<\/div>\n\t\t\t\t<\/div>\n\t\t\t\t\t<\/div>\n\t\t<\/div>\n\t\t\t\t\t\t\t<\/div>\n\t\t<\/section>\n\t\t\t\t<section class=\"elementor-section elementor-top-section elementor-element elementor-element-f81ab85 elementor-section-boxed elementor-section-height-default elementor-section-height-default\" data-id=\"f81ab85\" data-element_type=\"section\">\n\t\t\t\t\t\t<div class=\"elementor-container elementor-column-gap-default\">\n\t\t\t\t\t<div class=\"elementor-column elementor-col-50 elementor-top-column elementor-element elementor-element-8ce5baf\" data-id=\"8ce5baf\" data-element_type=\"column\">\n\t\t\t<div class=\"elementor-widget-wrap elementor-element-populated\">\n\t\t\t\t\t\t\t\t<div class=\"elementor-element elementor-element-f37875d elementor-widget elementor-widget-heading\" data-id=\"f37875d\" data-element_type=\"widget\" data-widget_type=\"heading.default\">\n\t\t\t\t<div class=\"elementor-widget-container\">\n\t\t\t<h6 class=\"elementor-heading-title elementor-size-default\">Inspecci\u00f3n de Sistemas Contra Incendios y Capacitaci\u00f3n de Brigadas de Emergencia<\/h6>\t\t<\/div>\n\t\t\t\t<\/div>\n\t\t\t\t<div class=\"elementor-element elementor-element-2f55559 elementor-arrows-position-inside elementor-widget elementor-widget-image-carousel\" data-id=\"2f55559\" data-element_type=\"widget\" data-settings=\"{&quot;slides_to_show&quot;:&quot;1&quot;,&quot;navigation&quot;:&quot;arrows&quot;,&quot;autoplay&quot;:&quot;yes&quot;,&quot;pause_on_hover&quot;:&quot;yes&quot;,&quot;pause_on_interaction&quot;:&quot;yes&quot;,&quot;autoplay_speed&quot;:5000,&quot;infinite&quot;:&quot;yes&quot;,&quot;effect&quot;:&quot;slide&quot;,&quot;speed&quot;:500}\" data-widget_type=\"image-carousel.default\">\n\t\t\t\t<div class=\"elementor-widget-container\">\n\t\t\t\t\t<div class=\"elementor-image-carousel-wrapper swiper-container\" dir=\"ltr\">\n\t\t\t<div class=\"elementor-image-carousel swiper-wrapper swiper-image-stretch\">\n\t\t\t\t\t\t\t\t<div class=\"swiper-slide\"><figure class=\"swiper-slide-inner\"><img decoding=\"async\" class=\"swiper-slide-image\" src=\"https:\/\/www.oscl.cl\/dev\/wp-content\/uploads\/2021\/08\/1-1.png\" alt=\"\" \/><\/figure><\/div><div class=\"swiper-slide\"><figure class=\"swiper-slide-inner\"><img decoding=\"async\" class=\"swiper-slide-image\" src=\"https:\/\/www.oscl.cl\/dev\/wp-content\/uploads\/2021\/08\/1-2.png\" alt=\"\" \/><\/figure><\/div><div class=\"swiper-slide\"><figure class=\"swiper-slide-inner\"><img decoding=\"async\" class=\"swiper-slide-image\" src=\"https:\/\/www.oscl.cl\/dev\/wp-content\/uploads\/2021\/08\/1-3.png\" alt=\"\" \/><\/figure><\/div>\t\t\t<\/div>\n\t\t\t\t\t\t\t\t\t\t\t\t\t\t\t\t<div class=\"elementor-swiper-button elementor-swiper-button-prev\">\n\t\t\t\t\t\t<i class=\"eicon-chevron-left\" aria-hidden=\"true\"><\/i>\n\t\t\t\t\t\t<span class=\"elementor-screen-only\">Anterior<\/span>\n\t\t\t\t\t<\/div>\n\t\t\t\t\t<div class=\"elementor-swiper-button elementor-swiper-button-next\">\n\t\t\t\t\t\t<i class=\"eicon-chevron-right\" aria-hidden=\"true\"><\/i>\n\t\t\t\t\t\t<span class=\"elementor-screen-only\">Siguiente<\/span>\n\t\t\t\t\t<\/div>\n\t\t\t\t\t\t\t\t\t<\/div>\n\t\t\t\t<\/div>\n\t\t\t\t<\/div>\n\t\t\t\t\t<\/div>\n\t\t<\/div>\n\t\t\t\t<div class=\"elementor-column elementor-col-50 elementor-top-column elementor-element elementor-element-cd4d497\" data-id=\"cd4d497\" data-element_type=\"column\">\n\t\t\t<div class=\"elementor-widget-wrap elementor-element-populated\">\n\t\t\t\t\t\t\t\t<div class=\"elementor-element elementor-element-15a71bf elementor-widget elementor-widget-text-editor\" data-id=\"15a71bf\" data-element_type=\"widget\" data-widget_type=\"text-editor.default\">\n\t\t\t\t<div class=\"elementor-widget-container\">\n\t\t\t\t\t\t\t<p>Un sistema de protecci\u00f3n contra incendios da\u00f1ado o sin la mantenci\u00f3n adecuada puede poner en riesgo la operaci\u00f3n de su empresa en el caso que ocurra una emergencia, debido a esto, la mejor forma de mantener estos equipos operativos es a trav\u00e9s de la implementaci\u00f3n de procesos de revisi\u00f3n en forma peri\u00f3dica.<\/p>\n<p>De la misma forma, mantener una Brigada de Emergencia sin la preparaci\u00f3n y entrenamiento adecuado pondr\u00e1 en riesgo el control de la emergencia y aumentar\u00e1 la posibilidad de accidente de los brigadistas.<\/p>\n<p>En <strong><span style=\"color: #000080;\">Otec Masterprev<\/span><\/strong> nos hemos especializado en la asesor\u00eda en Sistemas de Protecci\u00f3n Contra Incendios y Entrenamiento de Brigadas de Emergencia, contamos un equipo de profesionales dispuesto a las necesidad de su empresa.<\/p>\n<p>Para obtener informaci\u00f3n de nuestro cursos haga clic en el siguiente bot\u00f3n:<\/p>\t\t\t\t\t\t<\/div>\n\t\t\t\t<\/div>\n\t\t\t\t<div class=\"elementor-element elementor-element-e36c85b elementor-align-center elementor-widget elementor-widget-button\" data-id=\"e36c85b\" data-element_type=\"widget\" data-widget_type=\"button.default\">\n\t\t\t\t<div class=\"elementor-widget-container\">\n\t\t\t\t\t<div class=\"elementor-button-wrapper\">\n\t\t\t<a href=\"https:\/\/aulavirtual.oscl.cl\/\" class=\"elementor-button-link elementor-button elementor-size-sm\" role=\"button\">\n\t\t\t\t\t\t<span class=\"elementor-button-content-wrapper\">\n\t\t\t\t\t\t<span class=\"elementor-button-text\">VISITA NUESTRA AULA VIRTUAL<\/span>\n\t\t<\/span>\n\t\t\t\t\t<\/a>\n\t\t<\/div>\n\t\t\t\t<\/div>\n\t\t\t\t<\/div>\n\t\t\t\t<div class=\"elementor-element elementor-element-c8bfb51 elementor-widget elementor-widget-spacer\" data-id=\"c8bfb51\" data-element_type=\"widget\" data-widget_type=\"spacer.default\">\n\t\t\t\t<div class=\"elementor-widget-container\">\n\t\t\t\t\t<div class=\"elementor-spacer\">\n\t\t\t<div class=\"elementor-spacer-inner\"><\/div>\n\t\t<\/div>\n\t\t\t\t<\/div>\n\t\t\t\t<\/div>\n\t\t\t\t\t<\/div>\n\t\t<\/div>\n\t\t\t\t\t\t\t<\/div>\n\t\t<\/section>\n\t\t\t\t<section class=\"elementor-section elementor-top-section elementor-element elementor-element-d4667b4 elementor-section-boxed elementor-section-height-default elementor-section-height-default\" data-id=\"d4667b4\" data-element_type=\"section\">\n\t\t\t\t\t\t<div class=\"elementor-container elementor-column-gap-default\">\n\t\t\t\t\t<div class=\"elementor-column elementor-col-50 elementor-top-column elementor-element elementor-element-5c75938\" data-id=\"5c75938\" data-element_type=\"column\">\n\t\t\t<div class=\"elementor-widget-wrap elementor-element-populated\">\n\t\t\t\t\t\t\t\t<div class=\"elementor-element elementor-element-b34a3ba elementor-widget elementor-widget-heading\" data-id=\"b34a3ba\" data-element_type=\"widget\" data-widget_type=\"heading.default\">\n\t\t\t\t<div class=\"elementor-widget-container\">\n\t\t\t<h6 class=\"elementor-heading-title elementor-size-default\">Jornada de Risoterapia para Colaboradores Cl\u00ednica Indisa<\/h6>\t\t<\/div>\n\t\t\t\t<\/div>\n\t\t\t\t<div class=\"elementor-element elementor-element-b255ae5 elementor-widget elementor-widget-text-editor\" data-id=\"b255ae5\" data-element_type=\"widget\" data-widget_type=\"text-editor.default\">\n\t\t\t\t<div class=\"elementor-widget-container\">\n\t\t\t\t\t\t\t<p>Puede dar la sensaci\u00f3n de que el uso de la risa, el humor y las emociones positivas como agentes terap\u00e9uticos sea una invenci\u00f3n actual, sin embargo hay numerosos testimonios de su uso con objetivos medicinales y de mejora de la salud en diversas culturas a lo largo de toda la historia de la humanidad.<\/p><p>El primer dato del que se tiene constancia hace referencia al antiguo imperio chino en el que hace m\u00e1s de 4.000 a\u00f1os ya hab\u00eda lugares habilitados para que las personas se reunieran a re\u00edr como medio de equilibrar su salud.<\/p><p>Aunque el uso de la risa y sus aleda\u00f1os con fines terap\u00e9uticos ha estado presente a lo largo de toda la historia, ha sido a partir de la d\u00e9cada de los 70 cuando ha comenzado a despertar el inter\u00e9s de la comunidad cient\u00edfica occidental y cuando han proliferado investigaciones y estudios de todo tipo en torno a esta saludable cuesti\u00f3n.\u00a0<\/p><p>\u00a0<\/p>\t\t\t\t\t\t<\/div>\n\t\t\t\t<\/div>\n\t\t\t\t\t<\/div>\n\t\t<\/div>\n\t\t\t\t<div class=\"elementor-column elementor-col-50 elementor-top-column elementor-element elementor-element-99c3d02\" data-id=\"99c3d02\" data-element_type=\"column\">\n\t\t\t<div class=\"elementor-widget-wrap elementor-element-populated\">\n\t\t\t\t\t\t\t\t<div class=\"elementor-element elementor-element-1620887 elementor-widget elementor-widget-image\" data-id=\"1620887\" data-element_type=\"widget\" data-widget_type=\"image.default\">\n\t\t\t\t<div class=\"elementor-widget-container\">\n\t\t\t\t\t\t\t\t\t\t\t\t\t\t\t<img loading=\"lazy\" decoding=\"async\" width=\"720\" height=\"540\" src=\"https:\/\/www.oscl.cl\/dev\/wp-content\/uploads\/2021\/08\/riso1.png\" class=\"attachment-large size-large\" alt=\"\" srcset=\"https:\/\/www.oscl.cl\/dev\/wp-content\/uploads\/2021\/08\/riso1.png 800w, https:\/\/www.oscl.cl\/dev\/wp-content\/uploads\/2021\/08\/riso1-300x225.png 300w, https:\/\/www.oscl.cl\/dev\/wp-content\/uploads\/2021\/08\/riso1-768x576.png 768w\" sizes=\"auto, (max-width: 720px) 100vw, 720px\" \/>\t\t\t\t\t\t\t\t\t\t\t\t\t\t\t<\/div>\n\t\t\t\t<\/div>\n\t\t\t\t<div class=\"elementor-element elementor-element-e03c186 elementor-widget elementor-widget-spacer\" data-id=\"e03c186\" data-element_type=\"widget\" data-widget_type=\"spacer.default\">\n\t\t\t\t<div class=\"elementor-widget-container\">\n\t\t\t\t\t<div class=\"elementor-spacer\">\n\t\t\t<div class=\"elementor-spacer-inner\"><\/div>\n\t\t<\/div>\n\t\t\t\t<\/div>\n\t\t\t\t<\/div>\n\t\t\t\t\t<\/div>\n\t\t<\/div>\n\t\t\t\t\t\t\t<\/div>\n\t\t<\/section>\n\t\t\t\t<section class=\"elementor-section elementor-top-section elementor-element elementor-element-84bfc0e elementor-section-boxed elementor-section-height-default elementor-section-height-default\" data-id=\"84bfc0e\" data-element_type=\"section\">\n\t\t\t\t\t\t<div class=\"elementor-container elementor-column-gap-default\">\n\t\t\t\t\t<div class=\"elementor-column elementor-col-50 elementor-top-column elementor-element elementor-element-bc81c09\" data-id=\"bc81c09\" data-element_type=\"column\">\n\t\t\t<div class=\"elementor-widget-wrap elementor-element-populated\">\n\t\t\t\t\t\t\t\t<div class=\"elementor-element elementor-element-3ff0549 elementor-widget elementor-widget-heading\" data-id=\"3ff0549\" data-element_type=\"widget\" data-widget_type=\"heading.default\">\n\t\t\t\t<div class=\"elementor-widget-container\">\n\t\t\t<h6 class=\"elementor-heading-title elementor-size-default\">Pausas Activas Laborales , TMERT, MMC.<\/h6>\t\t<\/div>\n\t\t\t\t<\/div>\n\t\t\t\t<div class=\"elementor-element elementor-element-1991534 elementor-widget elementor-widget-image\" data-id=\"1991534\" data-element_type=\"widget\" data-settings=\"{&quot;_animation&quot;:&quot;none&quot;}\" data-widget_type=\"image.default\">\n\t\t\t\t<div class=\"elementor-widget-container\">\n\t\t\t\t\t\t\t\t\t\t\t\t\t\t\t\t<a href=\"https:\/\/www.oscl.cl\/dev\/wp-content\/uploads\/2022\/08\/WhatsApp-Video-2022-08-26-at-1.40.08-PM-1.mp4\" data-elementor-open-lightbox=\"yes\" data-elementor-lightbox-title=\"WhatsApp Video 2022-08-26 at 1.40.08 PM\">\n\t\t\t\t\t\t\t<img decoding=\"async\" src=\"https:\/\/www.oscl.cl\/dev\/wp-content\/uploads\/2022\/08\/WhatsApp-Video-2022-08-26-at-1.40.08-PM-1.mp4\" title=\"\" alt=\"\" \/>\t\t\t\t\t\t\t\t<\/a>\n\t\t\t\t\t\t\t\t\t\t\t\t\t\t\t<\/div>\n\t\t\t\t<\/div>\n\t\t\t\t\t<\/div>\n\t\t<\/div>\n\t\t\t\t<div class=\"elementor-column elementor-col-50 elementor-top-column elementor-element elementor-element-a318653\" data-id=\"a318653\" data-element_type=\"column\">\n\t\t\t<div class=\"elementor-widget-wrap elementor-element-populated\">\n\t\t\t\t\t\t\t\t<div class=\"elementor-element elementor-element-f1ed931 elementor-widget elementor-widget-text-editor\" data-id=\"f1ed931\" data-element_type=\"widget\" data-widget_type=\"text-editor.default\">\n\t\t\t\t<div class=\"elementor-widget-container\">\n\t\t\t\t\t\t\t<p><span lang=\"ES-CL\">\u00a0<\/span><\/p><p><span style=\"font-family: Roboto, sans-serif; font-size: 16px; color: var( --e-global-color-text );\">\u00a0<\/span><\/p><p><span style=\"font-family: Roboto, sans-serif; font-size: 16px; color: var( --e-global-color-text );\">En este segundo semestre empresas realizar\u00e1n con nuestro equipos de profesionales la\u00a0<\/span><span style=\"font-family: Roboto, sans-serif; font-size: 16px;\">aplicaci\u00f3n<\/span><span style=\"font-family: Roboto, sans-serif; font-size: 16px; color: var( --e-global-color-text );\">\u00a0del\u00a0<\/span><span style=\"font-family: Roboto, sans-serif; font-size: 16px;\">Protocolo<\/span><span style=\"font-family: Roboto, sans-serif; font-size: 16px; color: var( --e-global-color-text );\">\u00a0TMERT y MMC, en<\/span><strong style=\"font-family: Roboto, sans-serif; font-size: 16px; color: var( --e-global-color-text );\"><strong><span style=\"color: #000080;\">\u00a0CLINICA VIDA INTEGRA y PROA S.A.,\u00a0<\/span><\/strong><\/strong><span style=\"font-family: Roboto, sans-serif; font-size: 16px; color: #333333;\">en tanto que se ha dado continuidad al proyecto de Pausas\u00a0Activas Laborales para\u00a0empresas <strong style=\"font-family: Roboto, sans-serif; font-size: 16px; color: var( --e-global-color-text );\"><strong><span style=\"color: #000080;\">\u00a0GOURMET <\/span><\/strong><\/strong><span style=\"color: #000080;\"><span style=\"color: #333333;\">y Taller Risoterapia en<\/span><\/span><strong style=\"font-family: Roboto, sans-serif; font-size: 16px; color: var( --e-global-color-text );\"><strong><span style=\"color: #000080;\"> CLINICA DAVILA.<\/span><\/strong><\/strong><\/span><\/p><p><span style=\"color: #000080;\"><span style=\"color: #333333;\">En<\/span><\/span> <strong style=\"font-family: Roboto, sans-serif; font-size: 16px; color: var( --e-global-color-text );\"><strong><span style=\"color: #000080;\">OSCL,\u00a0<\/span><\/strong><\/strong><span style=\"font-family: Roboto, sans-serif; font-size: 16px; color: var( --e-global-color-text );\">somos especialistas y\u00a0<\/span><span style=\"font-family: Roboto, sans-serif; font-size: 16px;\">ponemos<\/span><span style=\"font-family: Roboto, sans-serif; font-size: 16px; color: var( --e-global-color-text );\">\u00a0a su\u00a0<\/span><span style=\"font-family: Roboto, sans-serif; font-size: 16px;\">disposici\u00f3n nuestro equipo de trabajo quien desarrollar\u00e1 la mejor estrategia para implementar un programa de pausas laborales presenciales y online acordes tambi\u00e9n con los protocolos TMERT y Manejo Manual de Cargas.\u00a0<\/span><\/p>\t\t\t\t\t\t<\/div>\n\t\t\t\t<\/div>\n\t\t\t\t\t<\/div>\n\t\t<\/div>\n\t\t\t\t\t\t\t<\/div>\n\t\t<\/section>\n\t\t\t\t\t\t<\/div>\n\t\t\t\t\t<\/div>\n\t\t","protected":false},"excerpt":{"rendered":"<p>One Security Limitada\u00a0(OSCL),\u00a0nace el 3 de marzo de 2000 como una necesidad empresarial y profesional de sus integrantes y clientes. En sus inicios con una configuraci\u00f3n que a la fecha ha evolucionado producto del crecimiento de la econom\u00eda y la<\/p>\n","protected":false},"author":1,"featured_media":0,"parent":0,"menu_order":0,"comment_status":"closed","ping_status":"closed","template":"","meta":{"_joinchat":[],"footnotes":""},"class_list":["post-204","page","type-page","status-publish","hentry"],"_links":{"self":[{"href":"https:\/\/www.oscl.cl\/dev\/index.php?rest_route=\/wp\/v2\/pages\/204","targetHints":{"allow":["GET"]}}],"collection":[{"href":"https:\/\/www.oscl.cl\/dev\/index.php?rest_route=\/wp\/v2\/pages"}],"about":[{"href":"https:\/\/www.oscl.cl\/dev\/index.php?rest_route=\/wp\/v2\/types\/page"}],"author":[{"embeddable":true,"href":"https:\/\/www.oscl.cl\/dev\/index.php?rest_route=\/wp\/v2\/users\/1"}],"replies":[{"embeddable":true,"href":"https:\/\/www.oscl.cl\/dev\/index.php?rest_route=%2Fwp%2Fv2%2Fcomments&post=204"}],"version-history":[{"count":375,"href":"https:\/\/www.oscl.cl\/dev\/index.php?rest_route=\/wp\/v2\/pages\/204\/revisions"}],"predecessor-version":[{"id":5781,"href":"https:\/\/www.oscl.cl\/dev\/index.php?rest_route=\/wp\/v2\/pages\/204\/revisions\/5781"}],"wp:attachment":[{"href":"https:\/\/www.oscl.cl\/dev\/index.php?rest_route=%2Fwp%2Fv2%2Fmedia&parent=204"}],"curies":[{"name":"wp","href":"https:\/\/api.w.org\/{rel}","templated":true}]}}